{"id":9140,"date":"2018-09-20T16:46:22","date_gmt":"2018-09-20T16:46:22","guid":{"rendered":"https:\/\/automation-electric.com\/politica-privind-fisierele-cookie\/"},"modified":"2026-01-17T20:21:42","modified_gmt":"2026-01-17T20:21:42","slug":"politica-privind-fisierele-cookie","status":"publish","type":"page","link":"https:\/\/automation-electric.com\/ro\/politica-privind-fisierele-cookie\/","title":{"rendered":"Politica privind fi\u0219ierele cookie"},"content":{"rendered":"<p><span style=\"color: #000000;\">1. Introducere<\/span><br \/>\n<span style=\"color: #000000;\">Prezenta Politic\u0103 privind fi\u0219ierele cookie se aplic\u0103 tuturor utilizatorilor paginii de internet www.automation-electric.com. Informa\u021biile prezentate \u00een continuare au ca scop informarea utilizatorilor acestei pagini de internet cu privire la plasarea, utilizarea \u0219i administrarea cookie-urilor de c\u0103tre SC Automation-Electric SRL \u00een contextul navig\u0103rii utilizatorilor pe aceast\u0103 pagin\u0103 de internet. <\/span><\/p>\n<p><span style=\"color: #000000;\">2. Ce sunt cookie-urile?<\/span><br \/>\n<span style=\"color: #000000;\">Folosim termenul \u201ecookie-uri\u201d pentru a ne referi la modulele cookie \u0219i la tehnologiile similare prin intermediul c\u0103rora pot fi colectate informa\u021bii \u00een mod automat.<\/span><br \/>\n<span style=\"color: #000000;\">Un \u201eInternet Cookie\u201d (termen cunoscut \u0219i sub denumirea de \u201ebrowser cookie\u201d sau \u201eHTTP cookie\u201d ori \u201ecookie\u201d) reprezint\u0103 un fi\u0219ier de mici dimensiuni, format din litere \u0219i numere, care va fi stocat pe computerul, terminalul mobil sau pe alte echipamente ale unui utilizator prin intermediul c\u0103rora se acceseaz\u0103 internetul.<\/span><br \/>\n<span style=\"color: #000000;\">Cookie-urile sunt instalate prin solicitarea emis\u0103 de un web-server c\u0103tre un browser (de ex.: Internet Explorer, Firefox, Chrome). Cookie-urile odat\u0103 instalate au o durat\u0103 de existen\u021b\u0103 determinat\u0103, r\u0103m\u00e2n\u00e2nd \u201epasive\u201d, \u00een sensul c\u0103 nu con\u021bin programe software, viru\u0219i sau spyware \u0219i nu vor accesa informa\u021biile de pe hard driverul utilizatorului pe al c\u0103rui echipament au fost instalate. <\/span><br \/>\n<span style=\"color: #000000;\">Un cookie este format din dou\u0103 p\u0103r\u021bi:<\/span><br \/>\n<span style=\"color: #000000;\">numele cookie-ului; \u0219i<\/span><br \/>\n<span style=\"color: #000000;\">con\u021binutul sau valoarea cookie-ului.<\/span><br \/>\n<span style=\"color: #000000;\">Din punct de vedere tehnic, doar web-serverul care a trimis cookie-ul \u00eel poate accesa din nou \u00een momentul \u00een care un utilizator se \u00eentoarce pe pagina de internet asociat\u0103 web-serverului respectiv.<\/span><\/p>\n<p><span style=\"color: #000000;\">3. Pentru ce scopuri sunt utilizate cookie-urile prin intermediul acestei pagini de internet:<\/span><br \/>\n<span style=\"color: #000000;\">Cookie-urile sunt utilizate pentru a furniza utilizatorilor acestei pagini de internet o experien\u021b\u0103 mai bun\u0103 de navigare \u0219i servicii adaptate nevoilor \u0219i interesului fiec\u0103rui utilizator \u00een parte \u0219i anume pentru:<\/span><\/p>\n<p><span style=\"color: #000000;\">\u00eembun\u0103t\u0103\u021birea utiliz\u0103rii acestei pagini de internet, inclusiv prin identificarea oric\u0103ror erori care apar \u00een timpul vizit\u0103rii\/utiliz\u0103rii acesteia de c\u0103tre utilizatori;<\/span><br \/>\n<span style=\"color: #000000;\">furnizarea de statistici anonime cu privire la modul \u00een care este utilizat\u0103 aceast\u0103 pagin\u0103 de internet c\u0103tre SC Automation-Electric SRL, \u00een calitate de de\u021bin\u0103tor al acestei pagini de internet;<\/span><br \/>\n<span style=\"color: #000000;\">anticiparea unor eventuale bunuri care vor fi \u00een viitor puse la dispozi\u021bia utilizatorilor prin intermediul acestei pagini de internet, \u00een func\u021bie de serviciile \/ produsele accesate.<\/span><br \/>\n<span style=\"color: #000000;\">Pe baza feedback-ului transmis prin cookie-uri \u00een leg\u0103tur\u0103 cu modul \u00een care se utilizeaz\u0103 aceast\u0103 pagin\u0103 de internet, SC Automation-Electric SRL poate adopta m\u0103suri pentru ca aceast\u0103 pagin\u0103 de internet s\u0103 fie mai eficient\u0103 \u0219i mai accesibil\u0103 pentru utilizatori.<\/span><br \/>\n<span style=\"color: #000000;\">Astfel, utilizarea cookie-urilor permite memorarea anumitor set\u0103ri\/preferin\u021be stabilite de c\u0103tre utilizatorii acestei pagini de internet, precum:<\/span><\/p>\n<p><span style=\"color: #000000;\">limba \u00een care este vizualizat\u0103 o pagin\u0103 de internet;<\/span><br \/>\n<span style=\"color: #000000;\">moneda \u00een care se exprim\u0103 anumite pre\u021buri sau tarife;<\/span><br \/>\n<span style=\"color: #000000;\">facilitarea accesului \u00een contul utilizatorilor;<\/span><br \/>\n<span style=\"color: #000000;\">postarea comentariilor pe site.<\/span><\/p>\n<p><span style=\"color: #000000;\">4. Care este durata de via\u021b\u0103 a cookie-urilor?<\/span><br \/>\n<span style=\"color: #000000;\">Durata de via\u021b\u0103 a cookie-urilor poate varia semnificativ, depinz\u00e2nd de scopul pentru care este plasat. Exist\u0103 urm\u0103toarele categorii de cookie-uri care determin\u0103 \u0219i durata de via\u021b\u0103 a acestora: <\/span><\/p>\n<p><span style=\"color: #000000;\">Cookie-uri de sesiune \u2013 Un \u201ecookie de sesiune\u201d este un cookie care este \u0219ters automat c\u00e2nd utilizatorul \u00ee\u0219i \u00eenchide browserul.<\/span><br \/>\n<span style=\"color: #000000;\">Cookie-uri persistente sau fixe \u2013 Un \u201ecookie persistent\u201d sau \u201efix\u201d este un cookie care r\u0103m\u00e2ne stocat \u00een terminalul utilizatorului p\u00e2n\u0103 c\u00e2nd atinge o anumit\u0103 dat\u0103 de expirare (care poate fi \u00een c\u00e2teva minute, zile sau c\u00e2\u021biva ani \u00een viitor) sau p\u00e2n\u0103 la \u0219tegerea acestuia de c\u0103tre utilizator \u00een orice moment prin intermediul set\u0103rilor browserului.<\/span><\/p>\n<p><span style=\"color: #000000;\">5. Ce sunt cookie-urile plasate de ter\u021bi?<\/span><br \/>\n<span style=\"color: #000000;\">Nu este cazul.<\/span><\/p>\n<p><span style=\"color: #000000;\">6. Ce cookie-uri sunt folosite prin intermediul acestei pagini de internet:<\/span><br \/>\n<span style=\"color: #000000;\">Prin utilizarea\/vizitarea paginii de internet pot fi plasate urm\u0103toarele cookie-uri:<\/span><\/p>\n<p><span style=\"color: #000000;\">a. Cookie-uri de performan\u021b\u0103 a paginii de internet; <\/span><br \/>\n<span style=\"color: #000000;\">b. Cookie-uri de analiz\u0103 a utilizatorilor; <\/span><br \/>\n<span style=\"color: #000000;\">c. Cookie-uri pentru geotargetting; <\/span><br \/>\n<span style=\"color: #000000;\">d. Cookie-uri de \u00eenregistrare; <\/span><br \/>\n<span style=\"color: #000000;\">e. Cookie-uri pentru publicitate; <\/span><br \/>\n<span style=\"color: #000000;\">f. Cookie-uri ale furnizorilor de publicitate; <\/span><\/p>\n<p><span style=\"color: #000000;\">a. Cookie-uri de performan\u021b\u0103 <\/span><br \/>\n<span style=\"color: #000000;\">Prin acest tip de cookie-uri sunt memorate preferin\u021bele utilizatorului acestei pagini de internet, astfel \u00eenc\u00e2t setarea din nou a preferin\u021belor \u00een cazul vizit\u0103rii ulterioare a paginii de internet nu mai este necesar\u0103.<\/span><\/p>\n<p><span style=\"color: #000000;\">b. Cookie-uri de analiz\u0103 a utilizatorilor <\/span><br \/>\n<span style=\"color: #000000;\">Aceste cookie-uri ne informeaz\u0103 dac\u0103 un anumit utilizator al paginii de internet a mai vizitat\/utilizat aceast\u0103 pagin\u0103 de internet anterior. Aceste cookie-uri sunt utilizate doar \u00een scopuri statistice. <\/span><\/p>\n<p><span style=\"color: #000000;\">c. Cookie-uri pentru geotargetting <\/span><br \/>\n<span style=\"color: #000000;\">Aceste cookie-uri sunt utilizate de c\u0103tre un soft care stabile\u0219te \u021bara de provenien\u021b\u0103 a utilizatorului paginii de internet. Vor fi primite acelea\u0219i reclame indiferent de limba selectat\u0103. <\/span><\/p>\n<p><span style=\"color: #000000;\">d. Cookie-uri pentru \u00eenregistrare <\/span><br \/>\n<span style=\"color: #000000;\">Atunci c\u00e2nd v\u0103 \u00eenregistra\u021bi pe acest site, se genereaz\u0103 cookie-uri care memoreaz\u0103 acest demers. Serverele utilizeaz\u0103 aceste cookie-uri pentru a ne ar\u0103ta contul cu care sunte\u021bi \u00eenregistrat. De asemenea, utilizarea acestor cookie-uri permite s\u0103 asociem orice comentariu postat pe pagina de internet cu username-ul contului folosit. \u00cen cazul \u00een care nu a fost selectat\u0103 op\u021biunea \u201ep\u0103streaz\u0103-m\u0103 \u00eenregistrat\u201d, aceste cookie-uri se vor \u0219terge automat la momentul termin\u0103rii sesiunii de navigare.   <\/span><\/p>\n<p><span style=\"color: #000000;\">e. Cookie-uri pentru publicitate <\/span><br \/>\n<span style=\"color: #000000;\">Aceste cookie-uri permit aflarea vizualiz\u0103rii de c\u0103tre un utilizator a unei reclame online, tipul acesteia \u0219i timpul scurs de la momentul vizualiz\u0103rii respectviului mesaj publicitar. Ca atare, astfel de cookie-uri sunt folosite pentru targetarea publicit\u0103\u021bii online. Aceste cookie-uri sunt anonime, stoc\u00e2nd informa\u021bii despre contentul vizualizat, nu \u0219i despre utilizatori.  <\/span><\/p>\n<p><span style=\"color: #000000;\">7. Ce tip de informa\u021bii sunt stocate \u0219i accesate prin intermediul cookie-urilor?<\/span><br \/>\n<span style=\"color: #000000;\">Cookie-urile p\u0103streaz\u0103 informa\u021bii \u00eentr-un fi\u0219ier text de mici dimensiuni care permit recunoa\u0219terea browserului. Aceast\u0103 pagin\u0103 de internet recunoa\u0219te browserul p\u00e2n\u0103 c\u00e2nd cookie-urile expir\u0103 sau sunt \u0219terse. <\/span><\/p>\n<p><span style=\"color: #000000;\">8. Particularizarea set\u0103rile browserului \u00een ceea ce prive\u0219te cookie-urile<\/span><br \/>\n<span style=\"color: #000000;\">\u00cen cazul \u00een care utilizarea cookie-urilor nu este deranjant\u0103 iar calculatorul sau echipamentul tehnic utilizat pentru navigarea pe aceast\u0103 pagin\u0103 de internet este folosit doar de c\u0103tre dumneavoastr\u0103, pot fi setate termene lungi de expirare pentru stocrarea istoricului de navigare.<\/span><br \/>\n<span style=\"color: #000000;\">\u00cen cazul \u00een care calculatorul sau echipamentul tehnic utilizat pentru navigarea pe aceast\u0103 pagin\u0103 de internet este folosit de mai multe persoane, poate fi luat\u0103 \u00een considerare setarea pentru \u0219tergerea datelor individuale de navigare de fiecare dat\u0103 c\u00e2nd browserul este \u00eenchis.<\/span><\/p>\n<p><span style=\"color: #000000;\">9. Cum pot fi oprite cookie-urile? [Not\u0103: De confirmat \/ ajustat aceast\u0103 afirma\u021bie (de ex: trebuie spus dac\u0103 dezactivarea\/refuzul cookie-urilor \u00eempiedic\u0103 complet\/par\u021bial vizitarea paginii de internet).] <\/span><br \/>\n<span style=\"color: #000000;\">Dezactivarea \u0219i refuzul de a primi cookie-uri pot face aceast\u0103 pagin\u0103 de internet dificil de vizitat, atr\u0103g\u00e2nd dup\u0103 sine limit\u0103ri ale posibilit\u0103\u021bilor de utilizare ale acesteia.<\/span><br \/>\n<span style=\"color: #000000;\">Utilizatorii \u00ee\u0219i pot configura browserul s\u0103 resping\u0103 fi\u0219ierele cookie sau s\u0103 fie acceptate cookie-uri de la o pagin\u0103 de internet anume.<\/span><br \/>\n<span style=\"color: #000000;\">Toate browserele moderne ofer\u0103 posibilitatea de a schimba set\u0103rile cookie-urilor. Aceste set\u0103ri pot fi accesate, ca regul\u0103, \u00een sec\u021biunea \u201eop\u021biuni\u201d sau \u00een meniul de \u201epreferin\u021be\u201d al browserului t\u0103u. <\/span><br \/>\n<span style=\"color: #000000;\">Totu\u0219i, refuzarea sau dezactivarea cookie-urilor nu \u00eenseamn\u0103 c\u0103 nu ve\u021bi mai primi publicitate online \u2013 ci doar ca aceasta nu va fi adaptat\u0103 preferin\u021belor \u0219i interesele dumneavoastr\u0103, eviden\u021biate prin comportamentul de navigare.<\/span><\/p>\n<p><span style=\"color: #000000;\">Pentru a \u00een\u021belege aceste set\u0103ri, urm\u0103toarele linkuri pot fi folositoare:<\/span><\/p>\n<p><span style=\"color: #000000;\"><a style=\"color: #000000;\" href=\"https:\/\/support.microsoft.com\/en-us\/help\/17442\/windows-internet-explorer-delete-manage-cookies\">Set\u0103ri cookie \u00een Internet Explorer<\/a><\/span><br \/>\n<span style=\"color: #000000;\"><a style=\"color: #000000;\" href=\"https:\/\/support.mozilla.org\/en-US\/kb\/enable-and-disable-cookies-website-preferences\">Set\u0103ri cookie \u00een Firefox<\/a><\/span><br \/>\n<span style=\"color: #000000;\"><a style=\"color: #000000;\" href=\"https:\/\/support.google.com\/chrome\/answer\/95647\">Set\u0103ri cookie \u00een Chrome<\/a><\/span><br \/>\n<span style=\"color: #000000;\"><a style=\"color: #000000;\" href=\"https:\/\/support.apple.com\/kb\/ph21411?locale=en_US\">Set\u0103ri cookie \u00een Safari<\/a><\/span><br \/>\n<span style=\"color: #000000;\">Pentru orice \u00eentreb\u0103ri suplimentare cu privire la modul \u00een sunt utilizate cookie-urile prin intermediul acestei pagini de internet, v\u0103 rug\u0103m s\u0103 ne contactati la adresa din sectiunea &#8216;Contact&#8217;<\/span><\/p>\n","protected":false},"excerpt":{"rendered":"<p>1. Introducere Prezenta Politic\u0103 privind fi\u0219ierele cookie se aplic\u0103 tuturor utilizatorilor paginii de internet www.automation-electric.com. Informa\u021biile prezentate \u00een continuare au ca scop informarea utilizatorilor acestei pagini de internet cu privire<\/p>\n","protected":false},"author":1,"featured_media":0,"parent":0,"menu_order":0,"comment_status":"closed","ping_status":"closed","template":"","meta":{"_acf_changed":false,"footnotes":""},"class_list":["post-9140","page","type-page","status-publish","hentry"],"acf":[],"yoast_head":"<!-- This site is optimized with the Yoast SEO plugin v27.4 - https:\/\/yoast.com\/product\/yoast-seo-wordpress\/ -->\n<title>Politica privind fi\u0219ierele cookie | Automation-Electric<\/title>\n<meta name=\"robots\" content=\"index, follow, max-snippet:-1, max-image-preview:large, max-video-preview:-1\" \/>\n<link rel=\"canonical\" href=\"https:\/\/automation-electric.com\/ro\/politica-privind-fisierele-cookie\/\" \/>\n<meta property=\"og:locale\" content=\"ro_RO\" \/>\n<meta property=\"og:type\" content=\"article\" \/>\n<meta property=\"og:title\" content=\"Politica privind fi\u0219ierele cookie | Automation-Electric\" \/>\n<meta property=\"og:description\" content=\"1. Introducere Prezenta Politic\u0103 privind fi\u0219ierele cookie se aplic\u0103 tuturor utilizatorilor paginii de internet www.automation-electric.com. Informa\u021biile prezentate \u00een continuare au ca scop informarea utilizatorilor acestei pagini de internet cu privire\" \/>\n<meta property=\"og:url\" content=\"https:\/\/automation-electric.com\/ro\/politica-privind-fisierele-cookie\/\" \/>\n<meta property=\"og:site_name\" content=\"Automation-Electric\" \/>\n<meta property=\"article:modified_time\" content=\"2026-01-17T20:21:42+00:00\" \/>\n<meta name=\"twitter:card\" content=\"summary_large_image\" \/>\n<meta name=\"twitter:label1\" content=\"Timp estimat pentru citire\" \/>\n\t<meta name=\"twitter:data1\" content=\"6 minute\" \/>\n<script type=\"application\/ld+json\" class=\"yoast-schema-graph\">{\"@context\":\"https:\\\/\\\/schema.org\",\"@graph\":[{\"@type\":\"WebPage\",\"@id\":\"https:\\\/\\\/automation-electric.com\\\/ro\\\/politica-privind-fisierele-cookie\\\/\",\"url\":\"https:\\\/\\\/automation-electric.com\\\/ro\\\/politica-privind-fisierele-cookie\\\/\",\"name\":\"Politica privind fi\u0219ierele cookie | Automation-Electric\",\"isPartOf\":{\"@id\":\"https:\\\/\\\/automation-electric.com\\\/ro\\\/#website\"},\"datePublished\":\"2018-09-20T16:46:22+00:00\",\"dateModified\":\"2026-01-17T20:21:42+00:00\",\"breadcrumb\":{\"@id\":\"https:\\\/\\\/automation-electric.com\\\/ro\\\/politica-privind-fisierele-cookie\\\/#breadcrumb\"},\"inLanguage\":\"ro-RO\",\"potentialAction\":[{\"@type\":\"ReadAction\",\"target\":[\"https:\\\/\\\/automation-electric.com\\\/ro\\\/politica-privind-fisierele-cookie\\\/\"]}]},{\"@type\":\"BreadcrumbList\",\"@id\":\"https:\\\/\\\/automation-electric.com\\\/ro\\\/politica-privind-fisierele-cookie\\\/#breadcrumb\",\"itemListElement\":[{\"@type\":\"ListItem\",\"position\":1,\"name\":\"Acas\u0103\",\"item\":\"https:\\\/\\\/automation-electric.com\\\/ro\\\/\"},{\"@type\":\"ListItem\",\"position\":2,\"name\":\"Politica privind fi\u0219ierele cookie\"}]},{\"@type\":\"WebSite\",\"@id\":\"https:\\\/\\\/automation-electric.com\\\/ro\\\/#website\",\"url\":\"https:\\\/\\\/automation-electric.com\\\/ro\\\/\",\"name\":\"Automation-Electric\",\"description\":\"\",\"potentialAction\":[{\"@type\":\"SearchAction\",\"target\":{\"@type\":\"EntryPoint\",\"urlTemplate\":\"https:\\\/\\\/automation-electric.com\\\/ro\\\/?s={search_term_string}\"},\"query-input\":{\"@type\":\"PropertyValueSpecification\",\"valueRequired\":true,\"valueName\":\"search_term_string\"}}],\"inLanguage\":\"ro-RO\"}]}<\/script>\n<!-- \/ Yoast SEO plugin. -->","yoast_head_json":{"title":"Politica privind fi\u0219ierele cookie | Automation-Electric","robots":{"index":"index","follow":"follow","max-snippet":"max-snippet:-1","max-image-preview":"max-image-preview:large","max-video-preview":"max-video-preview:-1"},"canonical":"https:\/\/automation-electric.com\/ro\/politica-privind-fisierele-cookie\/","og_locale":"ro_RO","og_type":"article","og_title":"Politica privind fi\u0219ierele cookie | Automation-Electric","og_description":"1. Introducere Prezenta Politic\u0103 privind fi\u0219ierele cookie se aplic\u0103 tuturor utilizatorilor paginii de internet www.automation-electric.com. Informa\u021biile prezentate \u00een continuare au ca scop informarea utilizatorilor acestei pagini de internet cu privire","og_url":"https:\/\/automation-electric.com\/ro\/politica-privind-fisierele-cookie\/","og_site_name":"Automation-Electric","article_modified_time":"2026-01-17T20:21:42+00:00","twitter_card":"summary_large_image","twitter_misc":{"Timp estimat pentru citire":"6 minute"},"schema":{"@context":"https:\/\/schema.org","@graph":[{"@type":"WebPage","@id":"https:\/\/automation-electric.com\/ro\/politica-privind-fisierele-cookie\/","url":"https:\/\/automation-electric.com\/ro\/politica-privind-fisierele-cookie\/","name":"Politica privind fi\u0219ierele cookie | Automation-Electric","isPartOf":{"@id":"https:\/\/automation-electric.com\/ro\/#website"},"datePublished":"2018-09-20T16:46:22+00:00","dateModified":"2026-01-17T20:21:42+00:00","breadcrumb":{"@id":"https:\/\/automation-electric.com\/ro\/politica-privind-fisierele-cookie\/#breadcrumb"},"inLanguage":"ro-RO","potentialAction":[{"@type":"ReadAction","target":["https:\/\/automation-electric.com\/ro\/politica-privind-fisierele-cookie\/"]}]},{"@type":"BreadcrumbList","@id":"https:\/\/automation-electric.com\/ro\/politica-privind-fisierele-cookie\/#breadcrumb","itemListElement":[{"@type":"ListItem","position":1,"name":"Acas\u0103","item":"https:\/\/automation-electric.com\/ro\/"},{"@type":"ListItem","position":2,"name":"Politica privind fi\u0219ierele cookie"}]},{"@type":"WebSite","@id":"https:\/\/automation-electric.com\/ro\/#website","url":"https:\/\/automation-electric.com\/ro\/","name":"Automation-Electric","description":"","potentialAction":[{"@type":"SearchAction","target":{"@type":"EntryPoint","urlTemplate":"https:\/\/automation-electric.com\/ro\/?s={search_term_string}"},"query-input":{"@type":"PropertyValueSpecification","valueRequired":true,"valueName":"search_term_string"}}],"inLanguage":"ro-RO"}]}},"_links":{"self":[{"href":"https:\/\/automation-electric.com\/ro\/wp-json\/wp\/v2\/pages\/9140","targetHints":{"allow":["GET"]}}],"collection":[{"href":"https:\/\/automation-electric.com\/ro\/wp-json\/wp\/v2\/pages"}],"about":[{"href":"https:\/\/automation-electric.com\/ro\/wp-json\/wp\/v2\/types\/page"}],"author":[{"embeddable":true,"href":"https:\/\/automation-electric.com\/ro\/wp-json\/wp\/v2\/users\/1"}],"replies":[{"embeddable":true,"href":"https:\/\/automation-electric.com\/ro\/wp-json\/wp\/v2\/comments?post=9140"}],"version-history":[{"count":1,"href":"https:\/\/automation-electric.com\/ro\/wp-json\/wp\/v2\/pages\/9140\/revisions"}],"predecessor-version":[{"id":9141,"href":"https:\/\/automation-electric.com\/ro\/wp-json\/wp\/v2\/pages\/9140\/revisions\/9141"}],"wp:attachment":[{"href":"https:\/\/automation-electric.com\/ro\/wp-json\/wp\/v2\/media?parent=9140"}],"curies":[{"name":"wp","href":"https:\/\/api.w.org\/{rel}","templated":true}]}}