{"id":9089,"date":"2011-07-14T19:45:29","date_gmt":"2011-07-14T19:45:29","guid":{"rendered":"https:\/\/automation-electric.com\/despre\/"},"modified":"2026-01-17T20:20:48","modified_gmt":"2026-01-17T20:20:48","slug":"despre","status":"publish","type":"page","link":"https:\/\/automation-electric.com\/ro\/despre\/","title":{"rendered":"Despre"},"content":{"rendered":"<p>[custom_element element=&#8221;div&#8221; css_class=&#8221;about_content&#8221; inner_wrapper=&#8221;false&#8221;]<\/p>\n<p>[row]<\/p>\n<p>[span4]<\/p>\n<h2>Despre noi<\/h2>\n<p><img loading=\"lazy\" decoding=\"async\" class=\"alignnone wp-image-2374\" src=\"http:\/\/automation-electric.com\/wp-content\/uploads\/2016\/05\/png-01-1024x722.png\" alt=\"png-01\" width=\"298\" height=\"210\" srcset=\"https:\/\/automation-electric.com\/wp-content\/uploads\/2016\/05\/png-01-1024x722.png 1024w, https:\/\/automation-electric.com\/wp-content\/uploads\/2016\/05\/png-01-300x212.png 300w, https:\/\/automation-electric.com\/wp-content\/uploads\/2016\/05\/png-01-768x542.png 768w\" sizes=\"auto, (max-width: 298px) 100vw, 298px\" \/><\/p>\n<p><span style=\"color: #000000;\">AUTOMATION ELECTRIC este o companie fondat\u0103 \u00een 2016 \u0219i \u00ee\u0219i propune s\u0103 ofere solu\u021bii inovatoare, eficiente \u0219i fiabile \u00een domeniile automatiz\u0103rilor industriale, electricit\u0103\u021bii \u0219i electronicii, utiliz\u00e2nd \u00eentotdeauna tehnologii de ultim\u0103 or\u0103 disponibile pe pia\u021b\u0103. Consider\u0103m c\u0103 putem face fa\u021b\u0103 oric\u0103ror cerin\u021be care implic\u0103 tehnologie, astfel \u00eenc\u00e2t, ca structur\u0103, compania \u00ee\u0219i propune s\u0103 acopere at\u00e2t domeniul automatiz\u0103rilor \u0219i cel electric, fiind axat\u0103 pe proiectarea de automatiz\u0103ri \u0219i tablouri de comand\u0103, c\u00e2t \u0219i domeniul electronicii, care se ocup\u0103 cu proiectarea de circuite electronice bazate pe microcontrolere \u0219i software \u00eencorporat. <\/span><\/p>\n<p>[button text=&#8221;cite\u0219te mai mult&#8221; link=&#8221;?page_id=2435&#8243; style=&#8221;default&#8221; size=&#8221;normal&#8221; target=&#8221;_self&#8221; display=&#8221;inline&#8221; class=&#8221;about_button&#8221; icon=&#8221;no&#8221;]<\/p>\n<p>[\/span4]<\/p>\n<p>[span4]<\/p>\n<h2>Istoricul nostru<\/h2>\n<p>[content_box custom_class=&#8221;text_dropcap&#8221;]2016[\/content_box]<br \/>\n[content_box custom_class=&#8221;header_about&#8221;]Funda\u021bia [\/content_box]<br \/>\n[extra_wrap]<\/p>\n<p><span style=\"color: #000000;\">Am \u00eenceput cu speran\u021be \u0219i vise, sper\u0103m c\u0103 pentru o perioad\u0103 lung\u0103 de timp. Am proiectat o mul\u021bime de produse pentru o gam\u0103 larg\u0103 de motoare industriale, panouri de control cu diferite caracteristici, capabile s\u0103 m\u0103soare parametri electrici, panouri de control pentru pompe, panouri de control pentru temperatur\u0103 \u0219i umiditate. <\/span><\/p>\n<p>[\/extra_wrap]<br \/>\n[clear]<br \/>\n[spacer]<\/p>\n<p>[content_box custom_class=&#8221;text_dropcap&#8221;]2019[\/content_box]<br \/>\n[content_box custom_class=&#8221;header_about&#8221;]Proiecte noi [\/content_box]<br \/>\n[extra_wrap]<\/p>\n<p><span style=\"color: #000000;\">Dac\u0103 totul merge conform planurilor noastre, inten\u021bion\u0103m s\u0103 ne extindem gama de produse cu o mul\u021bime de alte modele \u0219i s\u0103 sprijinim chiar \u0219i alte domenii industriale.<\/span><\/p>\n<p>[\/extra_wrap]<br \/>\n[clear]<br \/>\n[spacer]<\/p>\n<p>[\/span4]<\/p>\n<p>[span4]<\/p>\n<h2>Abilit\u0103\u021bile noastre<\/h2>\n<p><span style=\"color: #000000;\">Pe l\u00e2ng\u0103 gama de produse existent\u0103, compania noastr\u0103 ofer\u0103 diverse servicii de consultan\u021b\u0103 \u0219i proiectare \u00een domeniul electronicii, electricit\u0103\u021bii \u0219i automatiz\u0103rilor.<\/span><\/p>\n<p>&nbsp;<\/p>\n<p><span style=\"color: #000000;\">Activitatea noastr\u0103 este puternic influen\u021bat\u0103 de cerin\u021bele clien\u021bilor, astfel \u00eenc\u00e2t obiectivul principal este de a \u00eembun\u0103t\u0103\u021bi continuu managementul proiectelor, baz\u00e2ndu-ne pe experien\u021ba noastr\u0103 \u0219i ca rezultat al feedback-ului primit de la clien\u021bi. Urm\u0103m \u00eentotdeauna patru pa\u0219i simpli: <\/span><\/p>\n<p>[angle_list]<\/p>\n<ul>\n<li>Analiza cerin\u021belor proiectului<\/li>\n<li>Analiza costurilor proiectului<\/li>\n<li>Optimizarea proiectului<\/li>\n<li>Implementarea proiectului<\/li>\n<\/ul>\n<p>[\/angle_list]<\/p>\n<p>&nbsp;<\/p>\n<p>[\/span4]<br \/>\n[\/row]<br \/>\n[\/custom_element]<\/p>\n<p>[cherry_parallax image=&#8221;advance.jpg&#8221; speed=&#8221;normal&#8221; invert=&#8221;false&#8221;]<br \/>\n[custom_element element=&#8221;div&#8221; css_class=&#8221;custom_team&#8221; inner_wrapper=&#8221;false&#8221;]<br \/>\n[row]<br \/>\n[span12]<\/p>\n<p>&nbsp;<\/p>\n<h2><strong><span style=\"color: #ff0000;\"> Servicii<\/span><\/strong><\/h2>\n<p>[lazy_load_box effect=&#8221;slideup&#8221; speed=&#8221;800&#8243; delay=&#8221;200&#8243;]<br \/>\n[posts_grid type=&#8221;team&#8221; columns=&#8221;4&#8243; rows=&#8221;1&#8243; order_by=&#8221;date&#8221; order=&#8221;DESC&#8221; thumb_width=&#8221;268&#8243; thumb_height=&#8221;253&#8243; meta=&#8221;no&#8221; excerpt_count=&#8221;11&#8243; link=&#8221;no&#8221; link_text=&#8221;more&#8221; custom_class=&#8221;team&#8221;]<br \/>\n[\/lazy_load_box]<br \/>\n[\/span12]<br \/>\n[\/row]<br \/>\n[\/custom_element]<br \/>\n[\/cherry_parallax]<\/p>\n<p>[custom_element element=&#8221;div&#8221; css_class=&#8221;adv_testi&#8221; inner_wrapper=&#8221;false&#8221;]<br \/>\n[row]<\/p>\n<p>[span6]<\/p>\n<h2>Avantaje<\/h2>\n<p>[icon icon_type=&#8221;Font icon&#8221; icon_font=&#8221;icon-cogs&#8221; icon_font_size=&#8221;48px&#8221; icon_font_color=&#8221;#7ecefd&#8221; align=&#8221;left&#8221;]<br \/>\n[extra_wrap]<\/p>\n<h3>Lucr\u0103m \u00eempreun\u0103 pentru servicii excelente<\/h3>\n<p>[\/extra_wrap]<\/p>\n<p>[clear]<\/p>\n<p>[spacer]<\/p>\n<p>[icon icon_type=&#8221;Font icon&#8221; icon_font=&#8221;icon-globe&#8221; icon_font_size=&#8221;48px&#8221; icon_font_color=&#8221;#7ecefd&#8221; align=&#8221;left&#8221;]<br \/>\n[extra_wrap]<\/p>\n<h3>Suntem prezen\u021bi \u00een \u00eentreaga lume, mereu aproape de dumneavoastr\u0103<\/h3>\n<p>[\/extra_wrap]<\/p>\n<p>[clear]<\/p>\n<p>[spacer]<\/p>\n<p>[icon icon_type=&#8221;Font icon&#8221; icon_font=&#8221;icon-comments&#8221; icon_font_size=&#8221;48px&#8221; icon_font_color=&#8221;#7ecefd&#8221; align=&#8221;left&#8221;]<\/p>\n<p>[extra_wrap]<\/p>\n<h3>Suntem \u00een contact cu dumneavoastr\u0103 oric\u00e2nd<\/h3>\n<p>[\/extra_wrap]<\/p>\n<p>[clear]<\/p>\n<p>[spacer]<\/p>\n<p>[\/span6]<\/p>\n<p>[span6]<\/p>\n<h2>M\u0103rturii<\/h2>\n<p>[recenttesti num=&#8221;2&#8243; thumb=&#8221;true&#8221; excerpt_count=&#8221;50&#8243;]<\/p>\n<p>[\/span6]<\/p>\n<p>[\/row]<br \/>\n[\/custom_element]<\/p>\n","protected":false},"excerpt":{"rendered":"<p>[custom_element element=&#8221;div&#8221; css_class=&#8221;about_content&#8221; inner_wrapper=&#8221;false&#8221;] [row] [span4] Despre noi AUTOMATION ELECTRIC este o companie fondat\u0103 \u00een 2016 \u0219i \u00ee\u0219i propune s\u0103 ofere solu\u021bii inovatoare, eficiente \u0219i fiabile \u00een domeniile automatiz\u0103rilor industriale,<\/p>\n","protected":false},"author":1,"featured_media":0,"parent":0,"menu_order":1,"comment_status":"open","ping_status":"closed","template":"","meta":{"_acf_changed":false,"footnotes":""},"class_list":["post-9089","page","type-page","status-publish","hentry"],"acf":[],"yoast_head":"<!-- This site is optimized with the Yoast SEO plugin v27.3 - https:\/\/yoast.com\/product\/yoast-seo-wordpress\/ -->\n<title>Despre | Automation-Electric<\/title>\n<meta name=\"robots\" content=\"index, follow, max-snippet:-1, max-image-preview:large, max-video-preview:-1\" \/>\n<link rel=\"canonical\" href=\"https:\/\/automation-electric.com\/ro\/despre\/\" \/>\n<meta property=\"og:locale\" content=\"ro_RO\" \/>\n<meta property=\"og:type\" content=\"article\" \/>\n<meta property=\"og:title\" content=\"Despre | Automation-Electric\" \/>\n<meta property=\"og:description\" content=\"[custom_element element=&#8221;div&#8221; css_class=&#8221;about_content&#8221; inner_wrapper=&#8221;false&#8221;] [row] [span4] Despre noi AUTOMATION ELECTRIC este o companie fondat\u0103 \u00een 2016 \u0219i \u00ee\u0219i propune s\u0103 ofere solu\u021bii inovatoare, eficiente \u0219i fiabile \u00een domeniile automatiz\u0103rilor industriale,\" \/>\n<meta property=\"og:url\" content=\"https:\/\/automation-electric.com\/ro\/despre\/\" \/>\n<meta property=\"og:site_name\" content=\"Automation-Electric\" \/>\n<meta property=\"article:modified_time\" content=\"2026-01-17T20:20:48+00:00\" \/>\n<meta property=\"og:image\" content=\"http:\/\/automation-electric.com\/wp-content\/uploads\/2016\/05\/png-01-1024x722.png\" \/>\n<meta name=\"twitter:card\" content=\"summary_large_image\" \/>\n<meta name=\"twitter:label1\" content=\"Timp estimat pentru citire\" \/>\n\t<meta name=\"twitter:data1\" content=\"3 minute\" \/>\n<script type=\"application\/ld+json\" class=\"yoast-schema-graph\">{\"@context\":\"https:\\\/\\\/schema.org\",\"@graph\":[{\"@type\":\"WebPage\",\"@id\":\"https:\\\/\\\/automation-electric.com\\\/ro\\\/despre\\\/\",\"url\":\"https:\\\/\\\/automation-electric.com\\\/ro\\\/despre\\\/\",\"name\":\"Despre | Automation-Electric\",\"isPartOf\":{\"@id\":\"https:\\\/\\\/automation-electric.com\\\/ro\\\/#website\"},\"primaryImageOfPage\":{\"@id\":\"https:\\\/\\\/automation-electric.com\\\/ro\\\/despre\\\/#primaryimage\"},\"image\":{\"@id\":\"https:\\\/\\\/automation-electric.com\\\/ro\\\/despre\\\/#primaryimage\"},\"thumbnailUrl\":\"http:\\\/\\\/automation-electric.com\\\/wp-content\\\/uploads\\\/2016\\\/05\\\/png-01-1024x722.png\",\"datePublished\":\"2011-07-14T19:45:29+00:00\",\"dateModified\":\"2026-01-17T20:20:48+00:00\",\"breadcrumb\":{\"@id\":\"https:\\\/\\\/automation-electric.com\\\/ro\\\/despre\\\/#breadcrumb\"},\"inLanguage\":\"ro-RO\",\"potentialAction\":[{\"@type\":\"ReadAction\",\"target\":[\"https:\\\/\\\/automation-electric.com\\\/ro\\\/despre\\\/\"]}]},{\"@type\":\"ImageObject\",\"inLanguage\":\"ro-RO\",\"@id\":\"https:\\\/\\\/automation-electric.com\\\/ro\\\/despre\\\/#primaryimage\",\"url\":\"http:\\\/\\\/automation-electric.com\\\/wp-content\\\/uploads\\\/2016\\\/05\\\/png-01-1024x722.png\",\"contentUrl\":\"http:\\\/\\\/automation-electric.com\\\/wp-content\\\/uploads\\\/2016\\\/05\\\/png-01-1024x722.png\"},{\"@type\":\"BreadcrumbList\",\"@id\":\"https:\\\/\\\/automation-electric.com\\\/ro\\\/despre\\\/#breadcrumb\",\"itemListElement\":[{\"@type\":\"ListItem\",\"position\":1,\"name\":\"Acas\u0103\",\"item\":\"https:\\\/\\\/automation-electric.com\\\/ro\\\/\"},{\"@type\":\"ListItem\",\"position\":2,\"name\":\"Despre\"}]},{\"@type\":\"WebSite\",\"@id\":\"https:\\\/\\\/automation-electric.com\\\/ro\\\/#website\",\"url\":\"https:\\\/\\\/automation-electric.com\\\/ro\\\/\",\"name\":\"Automation-Electric\",\"description\":\"\",\"potentialAction\":[{\"@type\":\"SearchAction\",\"target\":{\"@type\":\"EntryPoint\",\"urlTemplate\":\"https:\\\/\\\/automation-electric.com\\\/ro\\\/?s={search_term_string}\"},\"query-input\":{\"@type\":\"PropertyValueSpecification\",\"valueRequired\":true,\"valueName\":\"search_term_string\"}}],\"inLanguage\":\"ro-RO\"}]}<\/script>\n<!-- \/ Yoast SEO plugin. -->","yoast_head_json":{"title":"Despre | Automation-Electric","robots":{"index":"index","follow":"follow","max-snippet":"max-snippet:-1","max-image-preview":"max-image-preview:large","max-video-preview":"max-video-preview:-1"},"canonical":"https:\/\/automation-electric.com\/ro\/despre\/","og_locale":"ro_RO","og_type":"article","og_title":"Despre | Automation-Electric","og_description":"[custom_element element=&#8221;div&#8221; css_class=&#8221;about_content&#8221; inner_wrapper=&#8221;false&#8221;] [row] [span4] Despre noi AUTOMATION ELECTRIC este o companie fondat\u0103 \u00een 2016 \u0219i \u00ee\u0219i propune s\u0103 ofere solu\u021bii inovatoare, eficiente \u0219i fiabile \u00een domeniile automatiz\u0103rilor industriale,","og_url":"https:\/\/automation-electric.com\/ro\/despre\/","og_site_name":"Automation-Electric","article_modified_time":"2026-01-17T20:20:48+00:00","og_image":[{"url":"http:\/\/automation-electric.com\/wp-content\/uploads\/2016\/05\/png-01-1024x722.png","type":"","width":"","height":""}],"twitter_card":"summary_large_image","twitter_misc":{"Timp estimat pentru citire":"3 minute"},"schema":{"@context":"https:\/\/schema.org","@graph":[{"@type":"WebPage","@id":"https:\/\/automation-electric.com\/ro\/despre\/","url":"https:\/\/automation-electric.com\/ro\/despre\/","name":"Despre | Automation-Electric","isPartOf":{"@id":"https:\/\/automation-electric.com\/ro\/#website"},"primaryImageOfPage":{"@id":"https:\/\/automation-electric.com\/ro\/despre\/#primaryimage"},"image":{"@id":"https:\/\/automation-electric.com\/ro\/despre\/#primaryimage"},"thumbnailUrl":"http:\/\/automation-electric.com\/wp-content\/uploads\/2016\/05\/png-01-1024x722.png","datePublished":"2011-07-14T19:45:29+00:00","dateModified":"2026-01-17T20:20:48+00:00","breadcrumb":{"@id":"https:\/\/automation-electric.com\/ro\/despre\/#breadcrumb"},"inLanguage":"ro-RO","potentialAction":[{"@type":"ReadAction","target":["https:\/\/automation-electric.com\/ro\/despre\/"]}]},{"@type":"ImageObject","inLanguage":"ro-RO","@id":"https:\/\/automation-electric.com\/ro\/despre\/#primaryimage","url":"http:\/\/automation-electric.com\/wp-content\/uploads\/2016\/05\/png-01-1024x722.png","contentUrl":"http:\/\/automation-electric.com\/wp-content\/uploads\/2016\/05\/png-01-1024x722.png"},{"@type":"BreadcrumbList","@id":"https:\/\/automation-electric.com\/ro\/despre\/#breadcrumb","itemListElement":[{"@type":"ListItem","position":1,"name":"Acas\u0103","item":"https:\/\/automation-electric.com\/ro\/"},{"@type":"ListItem","position":2,"name":"Despre"}]},{"@type":"WebSite","@id":"https:\/\/automation-electric.com\/ro\/#website","url":"https:\/\/automation-electric.com\/ro\/","name":"Automation-Electric","description":"","potentialAction":[{"@type":"SearchAction","target":{"@type":"EntryPoint","urlTemplate":"https:\/\/automation-electric.com\/ro\/?s={search_term_string}"},"query-input":{"@type":"PropertyValueSpecification","valueRequired":true,"valueName":"search_term_string"}}],"inLanguage":"ro-RO"}]}},"_links":{"self":[{"href":"https:\/\/automation-electric.com\/ro\/wp-json\/wp\/v2\/pages\/9089","targetHints":{"allow":["GET"]}}],"collection":[{"href":"https:\/\/automation-electric.com\/ro\/wp-json\/wp\/v2\/pages"}],"about":[{"href":"https:\/\/automation-electric.com\/ro\/wp-json\/wp\/v2\/types\/page"}],"author":[{"embeddable":true,"href":"https:\/\/automation-electric.com\/ro\/wp-json\/wp\/v2\/users\/1"}],"replies":[{"embeddable":true,"href":"https:\/\/automation-electric.com\/ro\/wp-json\/wp\/v2\/comments?post=9089"}],"version-history":[{"count":1,"href":"https:\/\/automation-electric.com\/ro\/wp-json\/wp\/v2\/pages\/9089\/revisions"}],"predecessor-version":[{"id":9091,"href":"https:\/\/automation-electric.com\/ro\/wp-json\/wp\/v2\/pages\/9089\/revisions\/9091"}],"wp:attachment":[{"href":"https:\/\/automation-electric.com\/ro\/wp-json\/wp\/v2\/media?parent=9089"}],"curies":[{"name":"wp","href":"https:\/\/api.w.org\/{rel}","templated":true}]}}