{"id":9063,"date":"2016-03-09T05:58:27","date_gmt":"2016-03-09T05:58:27","guid":{"rendered":"https:\/\/automation-electric.com\/intrebari-frecvente\/"},"modified":"2026-01-17T20:20:35","modified_gmt":"2026-01-17T20:20:35","slug":"intrebari-frecvente","status":"publish","type":"page","link":"https:\/\/automation-electric.com\/ro\/intrebari-frecvente\/","title":{"rendered":"\u00centreb\u0103ri frecvente"},"content":{"rendered":"<div class=\"wpb-content-wrapper\"><p>[vc_row][vc_column][vc_custom_heading text=&#8221;Informa\u021bii despre livrare&#8221; font_container=&#8221;tag:h2|font_size:25px|text_align:left|color:%23434343&#8243; google_fonts=&#8221;font_family:Open%20Sans%3A300%2C300italic%2Cregular%2Citalic%2C600%2C600italic%2C700%2C700italic%2C800%2C800italic|font_style:400%20regular%3A400%3Anormal&#8221; el_class=&#8221;faq-page-title&#8221;][\/vc_column][\/vc_row][vc_row el_class=&#8221;inner-bottom-xs&#8221;][vc_column width=&#8221;1\/2&#8243;][vc_column_text css=&#8221;&#8221;]<\/p>\n<h3 class=\"faq-title\" style=\"text-align: left;\">Ce metode de livrare sunt disponibile?<\/h3>\n<div class=\"text-content\">\n<ol>\n<li>\u00cen general, coletele sunt expediate \u00een termen de 2-5 zile lucr\u0103toare de la data confirm\u0103rii \u0219i sunt expediate prin curier cu urm\u0103rire prin AWB.<\/li>\n<li>Produsele mai complexe, cu o valoare mai mare, sunt realizate numai la comand\u0103 \u0219i vor fi livrate \u00eentr-o perioad\u0103 mai lung\u0103, convenit\u0103 cu clientul.<\/li>\n<\/ol>\n<\/div>\n<p>[\/vc_column_text][\/vc_column][vc_column width=&#8221;1\/2&#8243;][vc_column_text css=&#8221;&#8221;]<\/p>\n<h3 class=\"faq-title\">C\u00e2t timp va dura p\u00e2n\u0103 primesc coletul?<\/h3>\n<div class=\"text-content\">\n<p>\u00cen general, \u00een ora\u0219e \u0219i localit\u0103\u021bile \u00eenvecinate, livrarea se face a doua zi dup\u0103 ce a fost preluat\u0103 de curier, iar \u00een cazul localit\u0103\u021bilor mai \u00eendep\u0103rtate, \u00een termen de dou\u0103 zile lucr\u0103toare, cu excep\u021bia perioadelor de s\u0103rb\u0103tori sau de concediu, c\u00e2nd poate dura mai mult.<\/p>\n<\/div>\n<p>[\/vc_column_text][\/vc_column][\/vc_row][vc_row el_class=&#8221;inner-bottom&#8221;][vc_column width=&#8221;1\/2&#8243;][vc_column_text css=&#8221;&#8221;]<\/p>\n<h3 class=\"faq-title\">Cum \u00eemi urm\u0103resc comanda?<\/h3>\n<div class=\"text-content\">\n<p>Orice colet va fi \u00eenso\u021bit de un AWB.<\/p>\n<\/div>\n<p>[\/vc_column_text][\/vc_column][vc_column width=&#8221;1\/2&#8243;][vc_column_text css=&#8221;&#8221;]<\/p>\n<h3 class=\"faq-title\">Am nevoie de un cont pentru a plasa o comand\u0103?<\/h3>\n<div class=\"text-content\">\n<p>Crearea unui cont nu este obligatorie, cu toate acestea, exist\u0103 anumite informa\u021bii care sunt necesare pentru procesarea \u0219i livrarea comenzii.<\/p>\n<\/div>\n<p>[\/vc_column_text][\/vc_column][\/vc_row][vc_row][vc_column][vc_custom_heading text=&#8221;A doua versiune a \u00eentreb\u0103rilor frecvente&#8221; font_container=&#8221;tag:h2|font_size:40px|text_align:center|color:%23434343&#8243; google_fonts=&#8221;font_family:Open%20Sans%3A300%2C300italic%2Cregular%2Citalic%2C600%2C600italic%2C700%2C700italic%2C800%2C800italic|font_style:400%20regular%3A400%3Anormal&#8221; css=&#8221;.vc_custom_1458140045264{margin-top: 30px !important;margin-bottom: 10px !important;}&#8221;][\/vc_column][\/vc_row][vc_row el_class=&#8221;inner-top-xs&#8221;][vc_column][vc_toggle title=&#8221;Ce metode de livrare sunt disponibile?&#8221; css=&#8221;&#8221; el_id=&#8221;1459864577831-bdb5bc1a-4a98&#8243;][\/vc_toggle][vc_toggle title=&#8221;C\u00e2t timp va dura p\u00e2n\u0103 primesc coletul?&#8221; css=&#8221;&#8221; el_id=&#8221;1459864633996-9b7e4f16-199e&#8221;][\/vc_toggle][vc_toggle title=&#8221;Cum \u00eemi urm\u0103resc comanda?&#8221; css=&#8221;&#8221; el_id=&#8221;1459864665894-b82f7067-8407&#8243;][\/vc_toggle][vc_toggle title=&#8221;Cum plasez o comand\u0103?&#8221; css=&#8221;&#8221; el_id=&#8221;1459864700197-4c554837-f084&#8243;][\/vc_toggle][vc_toggle title=&#8221;Cum ar trebui s\u0103 contactez dac\u0103 am \u00eentreb\u0103ri?&#8221; css=&#8221;&#8221; el_id=&#8221;1459864738156-c9e9af2d-48c9&#8243;][\/vc_toggle][vc_toggle title=&#8221;Am nevoie de un cont pentru a plasa o comand\u0103?&#8221; css=&#8221;&#8221; el_id=&#8221;1459864765251-4a22323b-b290&#8243;][\/vc_toggle][\/vc_column][\/vc_row]<\/p>\n<\/div>","protected":false},"excerpt":{"rendered":"<p>[vc_row][vc_column][vc_custom_heading text=&#8221;Informa\u021bii despre livrare&#8221; font_container=&#8221;tag:h2|font_size:25px|text_align:left|color:%23434343&#8243; google_fonts=&#8221;font_family:Open%20Sans%3A300%2C300italic%2Cregular%2Citalic%2C600%2C600italic%2C700%2C700italic%2C800%2C800italic|font_style:400%20regular%3A400%3Anormal&#8221; el_class=&#8221;faq-page-title&#8221;][\/vc_column][\/vc_row][vc_row el_class=&#8221;inner-bottom-xs&#8221;][vc_column width=&#8221;1\/2&#8243;][vc_column_text css=&#8221;&#8221;] Ce metode de livrare sunt disponibile? \u00cen general, coletele sunt expediate \u00een termen de 2-5 zile lucr\u0103toare de la data<\/p>\n","protected":false},"author":1,"featured_media":0,"parent":0,"menu_order":0,"comment_status":"closed","ping_status":"closed","template":"","meta":{"_acf_changed":false,"footnotes":""},"class_list":["post-9063","page","type-page","status-publish","hentry"],"acf":[],"yoast_head":"<!-- This site is optimized with the Yoast SEO plugin v27.3 - https:\/\/yoast.com\/product\/yoast-seo-wordpress\/ -->\n<title>\u00centreb\u0103ri frecvente | Automation-Electric<\/title>\n<meta name=\"robots\" content=\"index, follow, max-snippet:-1, max-image-preview:large, max-video-preview:-1\" \/>\n<link rel=\"canonical\" href=\"https:\/\/automation-electric.com\/ro\/intrebari-frecvente\/\" \/>\n<meta property=\"og:locale\" content=\"ro_RO\" \/>\n<meta property=\"og:type\" content=\"article\" \/>\n<meta property=\"og:title\" content=\"\u00centreb\u0103ri frecvente | Automation-Electric\" \/>\n<meta property=\"og:description\" content=\"[vc_row][vc_column][vc_custom_heading text=&#8221;Informa\u021bii despre livrare&#8221; font_container=&#8221;tag:h2|font_size:25px|text_align:left|color:%23434343&#8243; google_fonts=&#8221;font_family:Open%20Sans%3A300%2C300italic%2Cregular%2Citalic%2C600%2C600italic%2C700%2C700italic%2C800%2C800italic|font_style:400%20regular%3A400%3Anormal&#8221; el_class=&#8221;faq-page-title&#8221;][\/vc_column][\/vc_row][vc_row el_class=&#8221;inner-bottom-xs&#8221;][vc_column width=&#8221;1\/2&#8243;][vc_column_text css=&#8221;&#8221;] Ce metode de livrare sunt disponibile? \u00cen general, coletele sunt expediate \u00een termen de 2-5 zile lucr\u0103toare de la data\" \/>\n<meta property=\"og:url\" content=\"https:\/\/automation-electric.com\/ro\/intrebari-frecvente\/\" \/>\n<meta property=\"og:site_name\" content=\"Automation-Electric\" \/>\n<meta property=\"article:modified_time\" content=\"2026-01-17T20:20:35+00:00\" \/>\n<meta name=\"twitter:card\" content=\"summary_large_image\" \/>\n<meta name=\"twitter:label1\" content=\"Timp estimat pentru citire\" \/>\n\t<meta name=\"twitter:data1\" content=\"2 minute\" \/>\n<script type=\"application\/ld+json\" class=\"yoast-schema-graph\">{\"@context\":\"https:\\\/\\\/schema.org\",\"@graph\":[{\"@type\":\"WebPage\",\"@id\":\"https:\\\/\\\/automation-electric.com\\\/ro\\\/intrebari-frecvente\\\/\",\"url\":\"https:\\\/\\\/automation-electric.com\\\/ro\\\/intrebari-frecvente\\\/\",\"name\":\"\u00centreb\u0103ri frecvente | Automation-Electric\",\"isPartOf\":{\"@id\":\"https:\\\/\\\/automation-electric.com\\\/ro\\\/#website\"},\"datePublished\":\"2016-03-09T05:58:27+00:00\",\"dateModified\":\"2026-01-17T20:20:35+00:00\",\"breadcrumb\":{\"@id\":\"https:\\\/\\\/automation-electric.com\\\/ro\\\/intrebari-frecvente\\\/#breadcrumb\"},\"inLanguage\":\"ro-RO\",\"potentialAction\":[{\"@type\":\"ReadAction\",\"target\":[\"https:\\\/\\\/automation-electric.com\\\/ro\\\/intrebari-frecvente\\\/\"]}]},{\"@type\":\"BreadcrumbList\",\"@id\":\"https:\\\/\\\/automation-electric.com\\\/ro\\\/intrebari-frecvente\\\/#breadcrumb\",\"itemListElement\":[{\"@type\":\"ListItem\",\"position\":1,\"name\":\"Acas\u0103\",\"item\":\"https:\\\/\\\/automation-electric.com\\\/ro\\\/\"},{\"@type\":\"ListItem\",\"position\":2,\"name\":\"\u00centreb\u0103ri frecvente\"}]},{\"@type\":\"WebSite\",\"@id\":\"https:\\\/\\\/automation-electric.com\\\/ro\\\/#website\",\"url\":\"https:\\\/\\\/automation-electric.com\\\/ro\\\/\",\"name\":\"Automation-Electric\",\"description\":\"\",\"potentialAction\":[{\"@type\":\"SearchAction\",\"target\":{\"@type\":\"EntryPoint\",\"urlTemplate\":\"https:\\\/\\\/automation-electric.com\\\/ro\\\/?s={search_term_string}\"},\"query-input\":{\"@type\":\"PropertyValueSpecification\",\"valueRequired\":true,\"valueName\":\"search_term_string\"}}],\"inLanguage\":\"ro-RO\"}]}<\/script>\n<!-- \/ Yoast SEO plugin. -->","yoast_head_json":{"title":"\u00centreb\u0103ri frecvente | Automation-Electric","robots":{"index":"index","follow":"follow","max-snippet":"max-snippet:-1","max-image-preview":"max-image-preview:large","max-video-preview":"max-video-preview:-1"},"canonical":"https:\/\/automation-electric.com\/ro\/intrebari-frecvente\/","og_locale":"ro_RO","og_type":"article","og_title":"\u00centreb\u0103ri frecvente | Automation-Electric","og_description":"[vc_row][vc_column][vc_custom_heading text=&#8221;Informa\u021bii despre livrare&#8221; font_container=&#8221;tag:h2|font_size:25px|text_align:left|color:%23434343&#8243; google_fonts=&#8221;font_family:Open%20Sans%3A300%2C300italic%2Cregular%2Citalic%2C600%2C600italic%2C700%2C700italic%2C800%2C800italic|font_style:400%20regular%3A400%3Anormal&#8221; el_class=&#8221;faq-page-title&#8221;][\/vc_column][\/vc_row][vc_row el_class=&#8221;inner-bottom-xs&#8221;][vc_column width=&#8221;1\/2&#8243;][vc_column_text css=&#8221;&#8221;] Ce metode de livrare sunt disponibile? \u00cen general, coletele sunt expediate \u00een termen de 2-5 zile lucr\u0103toare de la data","og_url":"https:\/\/automation-electric.com\/ro\/intrebari-frecvente\/","og_site_name":"Automation-Electric","article_modified_time":"2026-01-17T20:20:35+00:00","twitter_card":"summary_large_image","twitter_misc":{"Timp estimat pentru citire":"2 minute"},"schema":{"@context":"https:\/\/schema.org","@graph":[{"@type":"WebPage","@id":"https:\/\/automation-electric.com\/ro\/intrebari-frecvente\/","url":"https:\/\/automation-electric.com\/ro\/intrebari-frecvente\/","name":"\u00centreb\u0103ri frecvente | Automation-Electric","isPartOf":{"@id":"https:\/\/automation-electric.com\/ro\/#website"},"datePublished":"2016-03-09T05:58:27+00:00","dateModified":"2026-01-17T20:20:35+00:00","breadcrumb":{"@id":"https:\/\/automation-electric.com\/ro\/intrebari-frecvente\/#breadcrumb"},"inLanguage":"ro-RO","potentialAction":[{"@type":"ReadAction","target":["https:\/\/automation-electric.com\/ro\/intrebari-frecvente\/"]}]},{"@type":"BreadcrumbList","@id":"https:\/\/automation-electric.com\/ro\/intrebari-frecvente\/#breadcrumb","itemListElement":[{"@type":"ListItem","position":1,"name":"Acas\u0103","item":"https:\/\/automation-electric.com\/ro\/"},{"@type":"ListItem","position":2,"name":"\u00centreb\u0103ri frecvente"}]},{"@type":"WebSite","@id":"https:\/\/automation-electric.com\/ro\/#website","url":"https:\/\/automation-electric.com\/ro\/","name":"Automation-Electric","description":"","potentialAction":[{"@type":"SearchAction","target":{"@type":"EntryPoint","urlTemplate":"https:\/\/automation-electric.com\/ro\/?s={search_term_string}"},"query-input":{"@type":"PropertyValueSpecification","valueRequired":true,"valueName":"search_term_string"}}],"inLanguage":"ro-RO"}]}},"_links":{"self":[{"href":"https:\/\/automation-electric.com\/ro\/wp-json\/wp\/v2\/pages\/9063","targetHints":{"allow":["GET"]}}],"collection":[{"href":"https:\/\/automation-electric.com\/ro\/wp-json\/wp\/v2\/pages"}],"about":[{"href":"https:\/\/automation-electric.com\/ro\/wp-json\/wp\/v2\/types\/page"}],"author":[{"embeddable":true,"href":"https:\/\/automation-electric.com\/ro\/wp-json\/wp\/v2\/users\/1"}],"replies":[{"embeddable":true,"href":"https:\/\/automation-electric.com\/ro\/wp-json\/wp\/v2\/comments?post=9063"}],"version-history":[{"count":7,"href":"https:\/\/automation-electric.com\/ro\/wp-json\/wp\/v2\/pages\/9063\/revisions"}],"predecessor-version":[{"id":9078,"href":"https:\/\/automation-electric.com\/ro\/wp-json\/wp\/v2\/pages\/9063\/revisions\/9078"}],"wp:attachment":[{"href":"https:\/\/automation-electric.com\/ro\/wp-json\/wp\/v2\/media?parent=9063"}],"curies":[{"name":"wp","href":"https:\/\/api.w.org\/{rel}","templated":true}]}}