{"id":9051,"date":"2016-03-09T06:02:55","date_gmt":"2016-03-09T06:02:55","guid":{"rendered":"https:\/\/automation-electric.com\/contact\/"},"modified":"2026-01-17T20:20:19","modified_gmt":"2026-01-17T20:20:19","slug":"contact","status":"publish","type":"page","link":"https:\/\/automation-electric.com\/ro\/contact\/","title":{"rendered":"Contact"},"content":{"rendered":"<div class=\"wpb-content-wrapper\"><p>[vc_row full_width=&#8221;stretch_row_content_no_spaces&#8221; css=&#8221;.vc_custom_1522680729235{margin-top: 0px !important;margin-bottom: 25px !important;}&#8221;][vc_column][vc_gmaps link=&#8221;#E-8_JTNDaWZyYW1lJTIwd2lkdGglM0QlMjI2MDAlMjIlMjBoZWlnaHQlM0QlMjI0NTAlMjIlMjBzdHlsZSUzRCUyMmJvcmRlciUzQTAlM0IlMjIlMjBzcmMlM0QlMjJodHRwcyUzQSUyRiUyRm1hcHMuZ29vZ2xlLmNvbSUyRm1hcHMlM0ZxJTNEQXV0b21hdGlvbiUyNTIwZWxlY3RyaWMlMjZhbXAlM0J0JTNEbSUyNmFtcCUzQnolM0QxNCUyNmFtcCUzQmllJTNEVVRGOCUyNmFtcCUzQml3bG9jJTNEJTI2YW1wJTNCb3V0cHV0JTNEZW1iZWQlMjIlMjBsb2FkaW5nJTNEJTIybGF6eSUyMiUyMHJlZmVycmVycG9saWN5JTNEJTIybm8tcmVmZXJyZXItd2hlbi1kb3duZ3JhZGUlMjIlM0UlM0MlMkZpZnJhbWUlM0U=&#8221; css=&#8221;.vc_custom_1768162761578{padding-top: 0px !important;padding-right: 0px !important;padding-bottom: 0px !important;padding-left: 0px !important;}&#8221;][\/vc_column][\/vc_row][vc_row][vc_column width=&#8221;3\/4&#8243; el_class=&#8221;contact-form&#8221;][vc_column_text css=&#8221;&#8221;]<\/p>\n<h2 class=\"contact-page-title\">L\u0103sa\u021bi-ne un mesaj<\/h2>\n<h5>Pentru informa\u021bii suplimentare, v\u0103 rug\u0103m s\u0103 completa\u021bi formularul de contact.<\/h5>\n<p>Suntem bucuro\u0219i s\u0103 r\u0103spundem tuturor solicit\u0103rilor legate de activitatea noastr\u0103, articolele de pe blog \u0219i produsele noastre. Mai jos pute\u021bi g\u0103si detaliile companiei noastre:<br \/>\n<strong class=\"contacts_address\">SC Automation-Electric SRL.<br \/>\nGherta Mica, Str. Hermanesti, Nr. 6, Satu Mare, 447140, Rom\u00e2nia <\/strong><br \/>\n<strong class=\"contacts_address\">J30\/646\/2016<\/strong><br \/>\n<strong class=\"contacts_address\">RO36301020<\/strong><br \/>\n<span class=\"contacts_phone\">Telefon: +4 0743 752 786<\/span><br \/>\n<span class=\"contacts_fax\">WhatsApp: +4 0743 752 786<\/span><br \/>\n<span class=\"contacts_email\">E-mail: <a href=\"mailto:info@demolink.org\">office@automation-electric.com<\/a><\/span>[\/vc_column_text]<style id=\"wpforms-css-vars-5222\">\n\t\t\t\t#wpforms-5222 {\n\t\t\t\t\n\t\t\t}\n\t\t\t<\/style><div class=\"wpforms-container wpforms-container-full wpforms-render-modern\" id=\"wpforms-5222\"><form id=\"wpforms-form-5222\" class=\"wpforms-validate wpforms-form\" data-formid=\"5222\" method=\"post\" enctype=\"multipart\/form-data\" action=\"\/ro\/wp-json\/wp\/v2\/pages\/9051\" data-token=\"01c4d9aafc4bb15e4011346f3d4aebf4\" data-token-time=\"1776084651\"><noscript class=\"wpforms-error-noscript\">V\u0103 rug\u0103m s\u0103 activa\u021bi JavaScript \u00een browser pentru a completa acest formular.<\/noscript><div id=\"wpforms-error-noscript\" style=\"display: none;\">V\u0103 rug\u0103m s\u0103 activa\u021bi JavaScript \u00een browser pentru a completa acest formular.<\/div><div class=\"wpforms-field-container\"><div id=\"wpforms-5222-field_0-container\" class=\"wpforms-field wpforms-field-name\" data-field-id=\"0\"><fieldset><legend class=\"wpforms-field-label\">Nume <span class=\"wpforms-required-label\" aria-hidden=\"true\">*<\/span><\/legend><div class=\"wpforms-field-row wpforms-field-large\"><div class=\"wpforms-field-row-block wpforms-first wpforms-one-half\"><input type=\"text\" id=\"wpforms-5222-field_0\" class=\"wpforms-field-name-first wpforms-field-required\" name=\"wpforms[fields][0][first]\" placeholder=\"Prenume\" aria-errormessage=\"wpforms-5222-field_0-error\" required><label for=\"wpforms-5222-field_0\" class=\"wpforms-field-sublabel after wpforms-sublabel-hide\">Prenume<\/label><\/div><div class=\"wpforms-field-row-block wpforms-one-half\"><input type=\"text\" id=\"wpforms-5222-field_0-last\" class=\"wpforms-field-name-last wpforms-field-required\" name=\"wpforms[fields][0][last]\" placeholder=\"Nume\" aria-errormessage=\"wpforms-5222-field_0-last-error\" required><label for=\"wpforms-5222-field_0-last\" class=\"wpforms-field-sublabel after wpforms-sublabel-hide\">Nume<\/label><\/div><\/div><\/fieldset><\/div><div id=\"wpforms-5222-field_1-container\" class=\"wpforms-field wpforms-field-email\" data-field-id=\"1\"><label class=\"wpforms-field-label\" for=\"wpforms-5222-field_1\">E-mail <span class=\"wpforms-required-label\" aria-hidden=\"true\">*<\/span><\/label><input type=\"email\" id=\"wpforms-5222-field_1\" class=\"wpforms-field-large wpforms-field-required\" name=\"wpforms[fields][1]\" placeholder=\"Introduce\u021bi adresa dvs. de e-mail\" spellcheck=\"false\" aria-errormessage=\"wpforms-5222-field_1-error\" required><\/div><div id=\"wpforms-5222-field_2-container\" class=\"wpforms-field wpforms-field-textarea\" data-field-id=\"2\"><label class=\"wpforms-field-label\" for=\"wpforms-5222-field_2\">Comentariu sau mesaj <span class=\"wpforms-required-label\" aria-hidden=\"true\">*<\/span><\/label><textarea id=\"wpforms-5222-field_2\" class=\"wpforms-field-large wpforms-field-required\" name=\"wpforms[fields][2]\" aria-errormessage=\"wpforms-5222-field_2-error\" required><\/textarea><\/div><\/div><!-- .wpforms-field-container --><div class=\"wpforms-field wpforms-field-hp\"><label for=\"wpforms-5222-field-hp\" class=\"wpforms-field-label\">Email<\/label><input type=\"text\" name=\"wpforms[hp]\" id=\"wpforms-5222-field-hp\" class=\"wpforms-field-medium\"><\/div><div class=\"wpforms-submit-container\" ><input type=\"hidden\" name=\"wpforms[id]\" value=\"5222\"><input type=\"hidden\" name=\"page_title\" value=\"\"><input type=\"hidden\" name=\"page_url\" value=\"https:\/\/automation-electric.com\/ro\/wp-json\/wp\/v2\/pages\/9051\"><input type=\"hidden\" name=\"url_referer\" value=\"\"><button type=\"submit\" name=\"wpforms[submit]\" id=\"wpforms-submit-5222\" class=\"wpforms-submit\" data-alt-text=\"Se trimite...\" data-submit-text=\"Trimite mesaj\" aria-live=\"assertive\" value=\"wpforms-submit\">Trimite mesaj<\/button><\/div><\/form><\/div>  <!-- .wpforms-container -->[\/vc_column][vc_column width=&#8221;1\/4&#8243; el_class=&#8221;store-info&#8221;][vc_column_text css=&#8221;&#8221;]<\/p>\n<h2 class=\"contact-page-title\">Magazinul nostru<\/h2>\n<h3>Program de func\u021bionare<\/h3>\n<ul class=\"list-unstyled operation-hours inner-right-md\">\n<li class=\"clearfix\"><span class=\"day\">Luni: 8<\/span><span class=\"pull-right flip hours\">-17 PM<\/span><\/li>\n<li class=\"clearfix\"><span class=\"day\">Mar\u021bi: <\/span><span class=\"day\">8<\/span><span class=\"pull-right flip hours\">-17 <\/span><span class=\"pull-right flip hours\">PM<\/span><\/li>\n<li class=\"clearfix\"><span class=\"day\">Miercuri: <\/span><span class=\"day\">8<\/span><span class=\"pull-right flip hours\">-17<\/span><span class=\"pull-right flip hours\"> PM<\/span><\/li>\n<li class=\"clearfix\"><span class=\"day\">Joi: <\/span><span class=\"day\">8<\/span><span class=\"pull-right flip hours\">-17<\/span><span class=\"pull-right flip hours\"> PM<\/span><\/li>\n<li class=\"clearfix\"><span class=\"day\">Vineri:<\/span><span class=\"day\">8<\/span><span class=\"pull-right flip hours\">-17<\/span><span class=\"pull-right flip hours\"> PM<\/span><\/li>\n<li class=\"clearfix\"><span class=\"day\">S\u00e2mb\u0103t\u0103: <span class=\"pull-right flip hours\">\u00cenchis<\/span><\/span><\/li>\n<li class=\"clearfix\"><span class=\"day\">Duminic\u0103: <\/span><span class=\"pull-right flip hours\">\u00cenchis<\/span><\/li>\n<\/ul>\n<h3>Cariere<\/h3>\n<p class=\"inner-right-md\">Dac\u0103 sunte\u021bi interesat de oportunit\u0103\u021bi de angajare la Automation-Electric SRL, v\u0103 rug\u0103m s\u0103 ne trimite\u021bi un e-mail: <a href=\"mailto:office@automation-electric.com\">office@automation-electric.com<\/a><\/p>\n<p>[\/vc_column_text][\/vc_column][\/vc_row]<\/p>\n<\/div>","protected":false},"excerpt":{"rendered":"<p>[vc_row full_width=&#8221;stretch_row_content_no_spaces&#8221; css=&#8221;.vc_custom_1522680729235{margin-top: 0px !important;margin-bottom: 25px !important;}&#8221;][vc_column][vc_gmaps link=&#8221;#E-8_JTNDaWZyYW1lJTIwd2lkdGglM0QlMjI2MDAlMjIlMjBoZWlnaHQlM0QlMjI0NTAlMjIlMjBzdHlsZSUzRCUyMmJvcmRlciUzQTAlM0IlMjIlMjBzcmMlM0QlMjJodHRwcyUzQSUyRiUyRm1hcHMuZ29vZ2xlLmNvbSUyRm1hcHMlM0ZxJTNEQXV0b21hdGlvbiUyNTIwZWxlY3RyaWMlMjZhbXAlM0J0JTNEbSUyNmFtcCUzQnolM0QxNCUyNmFtcCUzQmllJTNEVVRGOCUyNmFtcCUzQml3bG9jJTNEJTI2YW1wJTNCb3V0cHV0JTNEZW1iZWQlMjIlMjBsb2FkaW5nJTNEJTIybGF6eSUyMiUyMHJlZmVycmVycG9saWN5JTNEJTIybm8tcmVmZXJyZXItd2hlbi1kb3duZ3JhZGUlMjIlM0UlM0MlMkZpZnJhbWUlM0U=&#8221; css=&#8221;.vc_custom_1768162761578{padding-top: 0px !important;padding-right: 0px !important;padding-bottom: 0px !important;padding-left: 0px !important;}&#8221;][\/vc_column][\/vc_row][vc_row][vc_column width=&#8221;3\/4&#8243; el_class=&#8221;contact-form&#8221;][vc_column_text css=&#8221;&#8221;] L\u0103sa\u021bi-ne un mesaj Pentru informa\u021bii suplimentare, v\u0103 rug\u0103m s\u0103 completa\u021bi<\/p>\n","protected":false},"author":1,"featured_media":0,"parent":0,"menu_order":0,"comment_status":"closed","ping_status":"closed","template":"","meta":{"_acf_changed":false,"footnotes":""},"class_list":["post-9051","page","type-page","status-publish","hentry"],"acf":[],"yoast_head":"<!-- This site is optimized with the Yoast SEO plugin v27.3 - https:\/\/yoast.com\/product\/yoast-seo-wordpress\/ -->\n<title>Contact | Automation-Electric<\/title>\n<meta name=\"robots\" content=\"index, follow, max-snippet:-1, max-image-preview:large, max-video-preview:-1\" \/>\n<link rel=\"canonical\" href=\"https:\/\/automation-electric.com\/ro\/contact\/\" \/>\n<meta property=\"og:locale\" content=\"ro_RO\" \/>\n<meta property=\"og:type\" content=\"article\" \/>\n<meta property=\"og:title\" content=\"Contact | Automation-Electric\" \/>\n<meta property=\"og:description\" content=\"[vc_row full_width=&#8221;stretch_row_content_no_spaces&#8221; css=&#8221;.vc_custom_1522680729235{margin-top: 0px !important;margin-bottom: 25px !important;}&#8221;][vc_column][vc_gmaps link=&#8221;#E-8_JTNDaWZyYW1lJTIwd2lkdGglM0QlMjI2MDAlMjIlMjBoZWlnaHQlM0QlMjI0NTAlMjIlMjBzdHlsZSUzRCUyMmJvcmRlciUzQTAlM0IlMjIlMjBzcmMlM0QlMjJodHRwcyUzQSUyRiUyRm1hcHMuZ29vZ2xlLmNvbSUyRm1hcHMlM0ZxJTNEQXV0b21hdGlvbiUyNTIwZWxlY3RyaWMlMjZhbXAlM0J0JTNEbSUyNmFtcCUzQnolM0QxNCUyNmFtcCUzQmllJTNEVVRGOCUyNmFtcCUzQml3bG9jJTNEJTI2YW1wJTNCb3V0cHV0JTNEZW1iZWQlMjIlMjBsb2FkaW5nJTNEJTIybGF6eSUyMiUyMHJlZmVycmVycG9saWN5JTNEJTIybm8tcmVmZXJyZXItd2hlbi1kb3duZ3JhZGUlMjIlM0UlM0MlMkZpZnJhbWUlM0U=&#8221; css=&#8221;.vc_custom_1768162761578{padding-top: 0px !important;padding-right: 0px !important;padding-bottom: 0px !important;padding-left: 0px !important;}&#8221;][\/vc_column][\/vc_row][vc_row][vc_column width=&#8221;3\/4&#8243; el_class=&#8221;contact-form&#8221;][vc_column_text css=&#8221;&#8221;] L\u0103sa\u021bi-ne un mesaj Pentru informa\u021bii suplimentare, v\u0103 rug\u0103m s\u0103 completa\u021bi\" \/>\n<meta property=\"og:url\" content=\"https:\/\/automation-electric.com\/ro\/contact\/\" \/>\n<meta property=\"og:site_name\" content=\"Automation-Electric\" \/>\n<meta property=\"article:modified_time\" content=\"2026-01-17T20:20:19+00:00\" \/>\n<meta name=\"twitter:card\" content=\"summary_large_image\" \/>\n<meta name=\"twitter:label1\" content=\"Timp estimat pentru citire\" \/>\n\t<meta name=\"twitter:data1\" content=\"1 minut\" \/>\n<script type=\"application\/ld+json\" class=\"yoast-schema-graph\">{\"@context\":\"https:\\\/\\\/schema.org\",\"@graph\":[{\"@type\":\"WebPage\",\"@id\":\"https:\\\/\\\/automation-electric.com\\\/ro\\\/contact\\\/\",\"url\":\"https:\\\/\\\/automation-electric.com\\\/ro\\\/contact\\\/\",\"name\":\"Contact | Automation-Electric\",\"isPartOf\":{\"@id\":\"https:\\\/\\\/automation-electric.com\\\/ro\\\/#website\"},\"datePublished\":\"2016-03-09T06:02:55+00:00\",\"dateModified\":\"2026-01-17T20:20:19+00:00\",\"breadcrumb\":{\"@id\":\"https:\\\/\\\/automation-electric.com\\\/ro\\\/contact\\\/#breadcrumb\"},\"inLanguage\":\"ro-RO\",\"potentialAction\":[{\"@type\":\"ReadAction\",\"target\":[\"https:\\\/\\\/automation-electric.com\\\/ro\\\/contact\\\/\"]}]},{\"@type\":\"BreadcrumbList\",\"@id\":\"https:\\\/\\\/automation-electric.com\\\/ro\\\/contact\\\/#breadcrumb\",\"itemListElement\":[{\"@type\":\"ListItem\",\"position\":1,\"name\":\"Acas\u0103\",\"item\":\"https:\\\/\\\/automation-electric.com\\\/ro\\\/\"},{\"@type\":\"ListItem\",\"position\":2,\"name\":\"Contact\"}]},{\"@type\":\"WebSite\",\"@id\":\"https:\\\/\\\/automation-electric.com\\\/ro\\\/#website\",\"url\":\"https:\\\/\\\/automation-electric.com\\\/ro\\\/\",\"name\":\"Automation-Electric\",\"description\":\"\",\"potentialAction\":[{\"@type\":\"SearchAction\",\"target\":{\"@type\":\"EntryPoint\",\"urlTemplate\":\"https:\\\/\\\/automation-electric.com\\\/ro\\\/?s={search_term_string}\"},\"query-input\":{\"@type\":\"PropertyValueSpecification\",\"valueRequired\":true,\"valueName\":\"search_term_string\"}}],\"inLanguage\":\"ro-RO\"}]}<\/script>\n<!-- \/ Yoast SEO plugin. -->","yoast_head_json":{"title":"Contact | Automation-Electric","robots":{"index":"index","follow":"follow","max-snippet":"max-snippet:-1","max-image-preview":"max-image-preview:large","max-video-preview":"max-video-preview:-1"},"canonical":"https:\/\/automation-electric.com\/ro\/contact\/","og_locale":"ro_RO","og_type":"article","og_title":"Contact | Automation-Electric","og_description":"[vc_row full_width=&#8221;stretch_row_content_no_spaces&#8221; css=&#8221;.vc_custom_1522680729235{margin-top: 0px !important;margin-bottom: 25px !important;}&#8221;][vc_column][vc_gmaps link=&#8221;#E-8_JTNDaWZyYW1lJTIwd2lkdGglM0QlMjI2MDAlMjIlMjBoZWlnaHQlM0QlMjI0NTAlMjIlMjBzdHlsZSUzRCUyMmJvcmRlciUzQTAlM0IlMjIlMjBzcmMlM0QlMjJodHRwcyUzQSUyRiUyRm1hcHMuZ29vZ2xlLmNvbSUyRm1hcHMlM0ZxJTNEQXV0b21hdGlvbiUyNTIwZWxlY3RyaWMlMjZhbXAlM0J0JTNEbSUyNmFtcCUzQnolM0QxNCUyNmFtcCUzQmllJTNEVVRGOCUyNmFtcCUzQml3bG9jJTNEJTI2YW1wJTNCb3V0cHV0JTNEZW1iZWQlMjIlMjBsb2FkaW5nJTNEJTIybGF6eSUyMiUyMHJlZmVycmVycG9saWN5JTNEJTIybm8tcmVmZXJyZXItd2hlbi1kb3duZ3JhZGUlMjIlM0UlM0MlMkZpZnJhbWUlM0U=&#8221; css=&#8221;.vc_custom_1768162761578{padding-top: 0px !important;padding-right: 0px !important;padding-bottom: 0px !important;padding-left: 0px !important;}&#8221;][\/vc_column][\/vc_row][vc_row][vc_column width=&#8221;3\/4&#8243; el_class=&#8221;contact-form&#8221;][vc_column_text css=&#8221;&#8221;] L\u0103sa\u021bi-ne un mesaj Pentru informa\u021bii suplimentare, v\u0103 rug\u0103m s\u0103 completa\u021bi","og_url":"https:\/\/automation-electric.com\/ro\/contact\/","og_site_name":"Automation-Electric","article_modified_time":"2026-01-17T20:20:19+00:00","twitter_card":"summary_large_image","twitter_misc":{"Timp estimat pentru citire":"1 minut"},"schema":{"@context":"https:\/\/schema.org","@graph":[{"@type":"WebPage","@id":"https:\/\/automation-electric.com\/ro\/contact\/","url":"https:\/\/automation-electric.com\/ro\/contact\/","name":"Contact | Automation-Electric","isPartOf":{"@id":"https:\/\/automation-electric.com\/ro\/#website"},"datePublished":"2016-03-09T06:02:55+00:00","dateModified":"2026-01-17T20:20:19+00:00","breadcrumb":{"@id":"https:\/\/automation-electric.com\/ro\/contact\/#breadcrumb"},"inLanguage":"ro-RO","potentialAction":[{"@type":"ReadAction","target":["https:\/\/automation-electric.com\/ro\/contact\/"]}]},{"@type":"BreadcrumbList","@id":"https:\/\/automation-electric.com\/ro\/contact\/#breadcrumb","itemListElement":[{"@type":"ListItem","position":1,"name":"Acas\u0103","item":"https:\/\/automation-electric.com\/ro\/"},{"@type":"ListItem","position":2,"name":"Contact"}]},{"@type":"WebSite","@id":"https:\/\/automation-electric.com\/ro\/#website","url":"https:\/\/automation-electric.com\/ro\/","name":"Automation-Electric","description":"","potentialAction":[{"@type":"SearchAction","target":{"@type":"EntryPoint","urlTemplate":"https:\/\/automation-electric.com\/ro\/?s={search_term_string}"},"query-input":{"@type":"PropertyValueSpecification","valueRequired":true,"valueName":"search_term_string"}}],"inLanguage":"ro-RO"}]}},"_links":{"self":[{"href":"https:\/\/automation-electric.com\/ro\/wp-json\/wp\/v2\/pages\/9051","targetHints":{"allow":["GET"]}}],"collection":[{"href":"https:\/\/automation-electric.com\/ro\/wp-json\/wp\/v2\/pages"}],"about":[{"href":"https:\/\/automation-electric.com\/ro\/wp-json\/wp\/v2\/types\/page"}],"author":[{"embeddable":true,"href":"https:\/\/automation-electric.com\/ro\/wp-json\/wp\/v2\/users\/1"}],"replies":[{"embeddable":true,"href":"https:\/\/automation-electric.com\/ro\/wp-json\/wp\/v2\/comments?post=9051"}],"version-history":[{"count":3,"href":"https:\/\/automation-electric.com\/ro\/wp-json\/wp\/v2\/pages\/9051\/revisions"}],"predecessor-version":[{"id":9055,"href":"https:\/\/automation-electric.com\/ro\/wp-json\/wp\/v2\/pages\/9051\/revisions\/9055"}],"wp:attachment":[{"href":"https:\/\/automation-electric.com\/ro\/wp-json\/wp\/v2\/media?parent=9051"}],"curies":[{"name":"wp","href":"https:\/\/api.w.org\/{rel}","templated":true}]}}