{"id":9049,"date":"2018-09-20T16:46:22","date_gmt":"2018-09-20T16:46:22","guid":{"rendered":"https:\/\/automation-electric.com\/politica-privind-cookie-urile\/"},"modified":"2026-01-17T20:20:18","modified_gmt":"2026-01-17T20:20:18","slug":"politica-privind-cookie-urile","status":"publish","type":"page","link":"https:\/\/automation-electric.com\/ro\/politica-privind-cookie-urile\/","title":{"rendered":"Politica privind cookie-urile"},"content":{"rendered":"<p><span style=\"color: #000000;\">1. INTRODUCERE<\/span><\/p>\n<p><span style=\"color: #000000;\">SC Automation-Electric SRL (noi, nou\u0103, al nostru, ai no\u0219tri \u0219i noi \u00een\u0219ine, dup\u0103 caz) v\u0103 respect\u0103 dreptul la confiden\u021bialitate \u0219i se angajeaz\u0103 s\u0103 \u00eel protejeze. V\u0103 rug\u0103m s\u0103 citi\u021bi cu aten\u021bie urm\u0103toarele pentru a v\u0103 asigura c\u0103 \u00een\u021belege\u021bi opiniile \u0219i practicile noastre cu privire la <\/span><br \/>\n<span style=\"color: #000000;\">datele dumneavoastr\u0103 personale \u0219i utilizarea cookie-urilor. Vizit\u00e2nd site-ul nostru web, www.automation-electric.com (Site-ul web) \u0219i orice subdomenii ale acestui site web, accepta\u021bi \u0219i sunte\u021bi de acord cu practicile descrise \u00een aceast\u0103 Politic\u0103 privind cookie-urile. <\/span><\/p>\n<p><span style=\"color: #000000;\">2. CE SUNT \u201eCOOKIE-URILE\u201d?<\/span><br \/>\n<span style=\"color: #000000;\">Cookie-urile sunt fi\u0219iere de date mici care sunt desc\u0103rcate pe computerul, telefonul sau tableta unui utilizator atunci c\u00e2nd vizita\u021bi un site web.<\/span><br \/>\n<span style=\"color: #000000;\">Majoritatea browserelor web accept\u0103 automat cookie-urile. Acestea ajut\u0103 operatorii de site-uri web, de exemplu, s\u0103 recunoasc\u0103 un utilizator care a vizitat anterior un site web \u0219i s\u0103 analizeze comportamentul pentru a \u00eembun\u0103t\u0103\u021bi experien\u021ba utilizatorului. Mai multe detalii despre cookie-urile utilizate pe site-ul nostru web \u0219i scopurile acestora sunt prezentate mai jos.  <\/span><\/p>\n<p><span style=\"color: #000000;\">3. CE COOKIE-URI VOR FI UTILIZATE \u0218I \u00ceN CE SCOP?<\/span><br \/>\n<span style=\"color: #000000;\">Cookie-uri de performan\u021b\u0103<\/span><br \/>\n<span style=\"color: #000000;\">Pentru a \u00eembun\u0103t\u0103\u021bi experien\u021ba utilizatorului pe site-ul nostru web, a evalua performan\u021ba con\u021binutului nostru \u0219i a remedia problemele tehnice sau erorile de pe pagini sau formulare web, folosim instrumente de performan\u021b\u0103 \u0219i analiz\u0103, inclusiv de la ter\u021bi, cum ar fi Google Analytics. Aceste cookie-uri colecteaz\u0103 informa\u021bii precum num\u0103rul de vizite ale utilizatorilor sau vizitatorii care revin pe un site web. Cu toate acestea, aceste cookie-uri nu pot fi utilizate pentru a identifica un utilizator \u0219i sunt utilizate pentru a genera date agregate.  <\/span><br \/>\n<span style=\"color: #000000;\">Cookie-uri de direc\u021bionare sau de marketing Ca parte a ini\u021biativelor noastre de marketing, aceste cookie-uri colecteaz\u0103 informa\u021bii despre obiceiurile dumneavoastr\u0103 de navigare (de exemplu, de unde provine o anumit\u0103 vizit\u0103) \u0219i interesele deduse pentru a face publicitatea mai relevant\u0103 pentru dumneavoastr\u0103. Ele sunt, de asemenea, utilizate pentru a limita num\u0103rul de afi\u0219\u0103ri ale unei reclame, precum \u0219i pentru a m\u0103sura eficacitatea \u0219i performan\u021ba unei campanii publicitare. Unele dintre aceste cookie-uri sunt plasate de re\u021belele noastre de publicitate ter\u021be. Ele \u00ee\u0219i amintesc celelalte site-uri web pe care le vizita\u021bi \u0219i aceste informa\u021bii sunt partajate cu organiza\u021bii ter\u021be, de exemplu, agen\u021bi de publicitate.   <\/span><br \/>\n<span style=\"color: #000000;\">Cookie-uri strict necesare<\/span><br \/>\n<span style=\"color: #000000;\">Aceste cookie-uri sunt esen\u021biale pentru a v\u0103 permite s\u0103 naviga\u021bi pe site-ul nostru web \u0219i s\u0103 utiliza\u021bi func\u021biile acestuia. Informa\u021biile colectate de aceste cookie-uri se refer\u0103 la func\u021bionarea site-ului nostru web, de exemplu, pentru a v\u0103 autentifica \u00een siguran\u021b\u0103 pe site-ul nostru web \u0219i pentru a verifica dac\u0103 sunte\u021bi \u00eenc\u0103 conectat la site-ul nostru web pentru a v\u0103 men\u021bine sesiunea stabil\u0103 p\u00e2n\u0103 c\u00e2nd v\u0103 deconecta\u021bi. <\/span><\/p>\n<p><span style=\"color: #000000;\">Cookie-uri de func\u021bionalitate<\/span><br \/>\n<span style=\"color: #000000;\">Aceste cookie-uri permit site-ului nostru web s\u0103 \u00ee\u0219i aminteasc\u0103 alegerile pe care le face\u021bi \u0219i preferin\u021bele dumneavoastr\u0103 personale, cum ar fi detaliile de conectare, pentru a \u00eembun\u0103t\u0103\u021bi experien\u021ba utilizatorului, de exemplu, evit\u00e2nd s\u0103 reintroduce\u021bi aceste detalii la fiecare<\/span><br \/>\n<span style=\"color: #000000;\">vizit\u0103 pe site-ul nostru web.<\/span><\/p>\n<p><span style=\"color: #000000;\">4. C\u00c2T TIMP VOR R\u0102M\u00c2NE COOKIE-URILE?<\/span><br \/>\n<span style=\"color: #000000;\">Cookie-ul de sesiune unic\u0103 este un cookie temporar care r\u0103m\u00e2ne \u00een fi\u0219ierul cookie al browserului dumneavoastr\u0103 p\u00e2n\u0103 c\u00e2nd \u00eenchide\u021bi browserul.<\/span><br \/>\n<span style=\"color: #000000;\">Celelalte cookie-uri vor r\u0103m\u00e2ne \u00een fi\u0219ierul cookie al browserului dumneavoastr\u0103 dup\u0103 \u00eenchiderea browserului \u0219i vor deveni active din nou c\u00e2nd redeschide\u021bi site-ul web. Aceste cookie-uri au date de expirare diferite. Dup\u0103 expirarea unui cookie, o nou\u0103 versiune a acelui cookie va fi desc\u0103rcat\u0103 c\u00e2nd ve\u021bi vizita din nou site-ul web, cu excep\u021bia cazului \u00een care v-a\u021bi retras consim\u021b\u0103m\u00e2ntul \u00eentre timp.  <\/span><\/p>\n<p><span style=\"color: #000000;\">5. COOKIE-URI TER\u021aE<\/span><br \/>\n<span style=\"color: #000000;\">Unele cookie-uri sunt furnizate \u00een numele nostru de furnizori de servicii ter\u021bi de \u00eencredere pentru a ajuta la experien\u021ba utilizatorului, raportarea comportamentului utilizatorului, cercetarea de pia\u021b\u0103, furnizarea de reclame \u00een func\u021bie de interesele utilizatorului \u0219i \u00eembun\u0103t\u0103\u021birea func\u021bionalit\u0103\u021bii site-ului web, de exemplu. Acest comportament al utilizatorului este analizat pentru a oferi o experien\u021b\u0103 \u00eembun\u0103t\u0103\u021bit\u0103 a utilizatorului. <\/span><\/p>\n<p><span style=\"color: #000000;\">6. CUM DEZACTIVEZ COOKIE-URILE?<\/span><br \/>\n<span style=\"color: #000000;\">Nu trebuie s\u0103 accepta\u021bi cookie-uri, dar dac\u0103 alege\u021bi s\u0103 dezactiva\u021bi sau s\u0103 \u0219terge\u021bi cookie-urile generate prin intermediul site-ului nostru web, este posibil ca acesta s\u0103 nu func\u021bioneze a\u0219a cum a fost proiectat, reduc\u00e2nd eventual func\u021bionalitatea site-ului nostru web, op\u021biunile disponibile pentru dumneavoastr\u0103, precum \u0219i performan\u021ba site-ului nostru web \u00een timpul vizitei dumneavoastr\u0103.<\/span><br \/>\n<span style=\"color: #000000;\">Toate browserele moderne v\u0103 permit s\u0103 v\u0103 schimba\u021bi set\u0103rile cookie-urilor. Aceste set\u0103ri se vor g\u0103si de obicei \u00een meniul \u201eop\u021biuni\u201d sau \u201epreferin\u021be\u201d al browserului dumneavoastr\u0103. <\/span><\/p>\n<p><span style=\"color: #000000;\">7. LINKURI UTILE<\/span><br \/>\n<span style=\"color: #000000;\">Dac\u0103 dori\u021bi s\u0103 afla\u021bi mai multe informa\u021bii despre utilizarea cookie-urilor pe internet, v\u0103 rug\u0103m s\u0103 consulta\u021bi urm\u0103toarele linkuri:<\/span><\/p>\n<p><span style=\"color: #000000;\"><a style=\"color: #000000;\" href=\"https:\/\/support.microsoft.com\/en-us\/help\/17442\/windows-internet-explorer-delete-manage-cookies\">Set\u0103ri cookie \u00een Internet Explorer<\/a><\/span><br \/>\n<span style=\"color: #000000;\"><a style=\"color: #000000;\" href=\"https:\/\/support.mozilla.org\/en-US\/kb\/enable-and-disable-cookies-website-preferences\">Set\u0103ri cookie \u00een Firefox<\/a><\/span><br \/>\n<span style=\"color: #000000;\"><a style=\"color: #000000;\" href=\"https:\/\/support.google.com\/chrome\/answer\/95647\">Set\u0103ri cookie \u00een Chrome<\/a><\/span><br \/>\n<span style=\"color: #000000;\"><a style=\"color: #000000;\" href=\"https:\/\/support.apple.com\/kb\/ph21411?locale=en_US\">Set\u0103ri cookie \u00een Safari<\/a><\/span><\/p>\n<p><span style=\"color: #000000;\">care ofer\u0103 informa\u021bii despre problemele de confiden\u021bialitate legate de publicitatea pe internet.<\/span><\/p>\n<p><span style=\"color: #000000;\">8. CONTACT<\/span><br \/>\n<span style=\"color: #000000;\">Dac\u0103 dori\u021bi mai multe informa\u021bii sau ave\u021bi \u00eentreb\u0103ri cu privire la Politica noastr\u0103 privind cookie-urile, v\u0103 rug\u0103m s\u0103 ne contacta\u021bi.<\/span><\/p>\n","protected":false},"excerpt":{"rendered":"<p>1. INTRODUCERE SC Automation-Electric SRL (noi, nou\u0103, al nostru, ai no\u0219tri \u0219i noi \u00een\u0219ine, dup\u0103 caz) v\u0103 respect\u0103 dreptul la confiden\u021bialitate \u0219i se angajeaz\u0103 s\u0103 \u00eel protejeze. V\u0103 rug\u0103m s\u0103<\/p>\n","protected":false},"author":1,"featured_media":0,"parent":0,"menu_order":0,"comment_status":"closed","ping_status":"closed","template":"","meta":{"_acf_changed":false,"footnotes":""},"class_list":["post-9049","page","type-page","status-publish","hentry"],"acf":[],"yoast_head":"<!-- This site is optimized with the Yoast SEO plugin v27.3 - https:\/\/yoast.com\/product\/yoast-seo-wordpress\/ -->\n<title>Politica privind cookie-urile | Automation-Electric<\/title>\n<meta name=\"robots\" content=\"index, follow, max-snippet:-1, max-image-preview:large, max-video-preview:-1\" \/>\n<link rel=\"canonical\" href=\"https:\/\/automation-electric.com\/ro\/politica-privind-cookie-urile\/\" \/>\n<meta property=\"og:locale\" content=\"ro_RO\" \/>\n<meta property=\"og:type\" content=\"article\" \/>\n<meta property=\"og:title\" content=\"Politica privind cookie-urile | Automation-Electric\" \/>\n<meta property=\"og:description\" content=\"1. INTRODUCERE SC Automation-Electric SRL (noi, nou\u0103, al nostru, ai no\u0219tri \u0219i noi \u00een\u0219ine, dup\u0103 caz) v\u0103 respect\u0103 dreptul la confiden\u021bialitate \u0219i se angajeaz\u0103 s\u0103 \u00eel protejeze. V\u0103 rug\u0103m s\u0103\" \/>\n<meta property=\"og:url\" content=\"https:\/\/automation-electric.com\/ro\/politica-privind-cookie-urile\/\" \/>\n<meta property=\"og:site_name\" content=\"Automation-Electric\" \/>\n<meta property=\"article:modified_time\" content=\"2026-01-17T20:20:18+00:00\" \/>\n<meta name=\"twitter:card\" content=\"summary_large_image\" \/>\n<meta name=\"twitter:label1\" content=\"Timp estimat pentru citire\" \/>\n\t<meta name=\"twitter:data1\" content=\"4 minute\" \/>\n<script type=\"application\/ld+json\" class=\"yoast-schema-graph\">{\"@context\":\"https:\\\/\\\/schema.org\",\"@graph\":[{\"@type\":\"WebPage\",\"@id\":\"https:\\\/\\\/automation-electric.com\\\/ro\\\/politica-privind-cookie-urile\\\/\",\"url\":\"https:\\\/\\\/automation-electric.com\\\/ro\\\/politica-privind-cookie-urile\\\/\",\"name\":\"Politica privind cookie-urile | Automation-Electric\",\"isPartOf\":{\"@id\":\"https:\\\/\\\/automation-electric.com\\\/ro\\\/#website\"},\"datePublished\":\"2018-09-20T16:46:22+00:00\",\"dateModified\":\"2026-01-17T20:20:18+00:00\",\"breadcrumb\":{\"@id\":\"https:\\\/\\\/automation-electric.com\\\/ro\\\/politica-privind-cookie-urile\\\/#breadcrumb\"},\"inLanguage\":\"ro-RO\",\"potentialAction\":[{\"@type\":\"ReadAction\",\"target\":[\"https:\\\/\\\/automation-electric.com\\\/ro\\\/politica-privind-cookie-urile\\\/\"]}]},{\"@type\":\"BreadcrumbList\",\"@id\":\"https:\\\/\\\/automation-electric.com\\\/ro\\\/politica-privind-cookie-urile\\\/#breadcrumb\",\"itemListElement\":[{\"@type\":\"ListItem\",\"position\":1,\"name\":\"Acas\u0103\",\"item\":\"https:\\\/\\\/automation-electric.com\\\/ro\\\/\"},{\"@type\":\"ListItem\",\"position\":2,\"name\":\"Politica privind cookie-urile\"}]},{\"@type\":\"WebSite\",\"@id\":\"https:\\\/\\\/automation-electric.com\\\/ro\\\/#website\",\"url\":\"https:\\\/\\\/automation-electric.com\\\/ro\\\/\",\"name\":\"Automation-Electric\",\"description\":\"\",\"potentialAction\":[{\"@type\":\"SearchAction\",\"target\":{\"@type\":\"EntryPoint\",\"urlTemplate\":\"https:\\\/\\\/automation-electric.com\\\/ro\\\/?s={search_term_string}\"},\"query-input\":{\"@type\":\"PropertyValueSpecification\",\"valueRequired\":true,\"valueName\":\"search_term_string\"}}],\"inLanguage\":\"ro-RO\"}]}<\/script>\n<!-- \/ Yoast SEO plugin. -->","yoast_head_json":{"title":"Politica privind cookie-urile | Automation-Electric","robots":{"index":"index","follow":"follow","max-snippet":"max-snippet:-1","max-image-preview":"max-image-preview:large","max-video-preview":"max-video-preview:-1"},"canonical":"https:\/\/automation-electric.com\/ro\/politica-privind-cookie-urile\/","og_locale":"ro_RO","og_type":"article","og_title":"Politica privind cookie-urile | Automation-Electric","og_description":"1. INTRODUCERE SC Automation-Electric SRL (noi, nou\u0103, al nostru, ai no\u0219tri \u0219i noi \u00een\u0219ine, dup\u0103 caz) v\u0103 respect\u0103 dreptul la confiden\u021bialitate \u0219i se angajeaz\u0103 s\u0103 \u00eel protejeze. V\u0103 rug\u0103m s\u0103","og_url":"https:\/\/automation-electric.com\/ro\/politica-privind-cookie-urile\/","og_site_name":"Automation-Electric","article_modified_time":"2026-01-17T20:20:18+00:00","twitter_card":"summary_large_image","twitter_misc":{"Timp estimat pentru citire":"4 minute"},"schema":{"@context":"https:\/\/schema.org","@graph":[{"@type":"WebPage","@id":"https:\/\/automation-electric.com\/ro\/politica-privind-cookie-urile\/","url":"https:\/\/automation-electric.com\/ro\/politica-privind-cookie-urile\/","name":"Politica privind cookie-urile | Automation-Electric","isPartOf":{"@id":"https:\/\/automation-electric.com\/ro\/#website"},"datePublished":"2018-09-20T16:46:22+00:00","dateModified":"2026-01-17T20:20:18+00:00","breadcrumb":{"@id":"https:\/\/automation-electric.com\/ro\/politica-privind-cookie-urile\/#breadcrumb"},"inLanguage":"ro-RO","potentialAction":[{"@type":"ReadAction","target":["https:\/\/automation-electric.com\/ro\/politica-privind-cookie-urile\/"]}]},{"@type":"BreadcrumbList","@id":"https:\/\/automation-electric.com\/ro\/politica-privind-cookie-urile\/#breadcrumb","itemListElement":[{"@type":"ListItem","position":1,"name":"Acas\u0103","item":"https:\/\/automation-electric.com\/ro\/"},{"@type":"ListItem","position":2,"name":"Politica privind cookie-urile"}]},{"@type":"WebSite","@id":"https:\/\/automation-electric.com\/ro\/#website","url":"https:\/\/automation-electric.com\/ro\/","name":"Automation-Electric","description":"","potentialAction":[{"@type":"SearchAction","target":{"@type":"EntryPoint","urlTemplate":"https:\/\/automation-electric.com\/ro\/?s={search_term_string}"},"query-input":{"@type":"PropertyValueSpecification","valueRequired":true,"valueName":"search_term_string"}}],"inLanguage":"ro-RO"}]}},"_links":{"self":[{"href":"https:\/\/automation-electric.com\/ro\/wp-json\/wp\/v2\/pages\/9049","targetHints":{"allow":["GET"]}}],"collection":[{"href":"https:\/\/automation-electric.com\/ro\/wp-json\/wp\/v2\/pages"}],"about":[{"href":"https:\/\/automation-electric.com\/ro\/wp-json\/wp\/v2\/types\/page"}],"author":[{"embeddable":true,"href":"https:\/\/automation-electric.com\/ro\/wp-json\/wp\/v2\/users\/1"}],"replies":[{"embeddable":true,"href":"https:\/\/automation-electric.com\/ro\/wp-json\/wp\/v2\/comments?post=9049"}],"version-history":[{"count":1,"href":"https:\/\/automation-electric.com\/ro\/wp-json\/wp\/v2\/pages\/9049\/revisions"}],"predecessor-version":[{"id":9050,"href":"https:\/\/automation-electric.com\/ro\/wp-json\/wp\/v2\/pages\/9049\/revisions\/9050"}],"wp:attachment":[{"href":"https:\/\/automation-electric.com\/ro\/wp-json\/wp\/v2\/media?parent=9049"}],"curies":[{"name":"wp","href":"https:\/\/api.w.org\/{rel}","templated":true}]}}