{"id":9042,"date":"2026-01-16T10:15:08","date_gmt":"2026-01-16T10:15:08","guid":{"rendered":"https:\/\/automation-electric.com\/politica-de-rambursare-si-returnare\/"},"modified":"2026-01-17T20:20:17","modified_gmt":"2026-01-17T20:20:17","slug":"politica-de-rambursare-si-returnare","status":"publish","type":"page","link":"https:\/\/automation-electric.com\/ro\/politica-de-rambursare-si-returnare\/","title":{"rendered":"Politica de rambursare \u0219i returnare"},"content":{"rendered":"\n<p><\/p>\n\n<p><\/p><h3>Overview<\/h3>\n\n<p>Politica noastr\u0103 de rambursare \u0219i returnare dureaz\u0103 14 zile. Dac\u0103 au trecut 14 zile de la achizi\u021bie, nu v\u0103 putem oferi o rambursare complet\u0103 sau un schimb. <\/p>\n\n<p>Pentru a fi eligibil pentru o returnare, articolul dumneavoastr\u0103 trebuie s\u0103 fie nefolosit \u0219i \u00een aceea\u0219i stare \u00een care l-a\u021bi primit. De asemenea, trebuie s\u0103 fie \u00een ambalajul original. <\/p>\n\n<p>Mai multe tipuri de bunuri sunt exceptate de la returnare. <\/p>\n\n<p>Articole suplimentare nereturnabile:<\/p>\n\n<ul class=\"wp-block-list\">\n<li>Carduri cadou<\/li>\n\n\n\n<li>Produse software desc\u0103rcabile<\/li>\n<\/ul>\n\n<p>Pentru a finaliza returnarea, avem nevoie de o chitan\u021b\u0103 sau o dovad\u0103 de cump\u0103rare.<\/p>\n\n<p>V\u0103 rug\u0103m s\u0103 nu trimite\u021bi \u00eenapoi achizi\u021bia la produc\u0103tor.<\/p><h2>Ramburs\u0103ri<\/h2>\n\n<p>Odat\u0103 ce returnarea dumneavoastr\u0103 este primit\u0103 \u0219i inspectat\u0103, v\u0103 vom trimite un e-mail pentru a v\u0103 notifica c\u0103 am primit articolul returnat. De asemenea, v\u0103 vom notifica cu privire la aprobarea sau respingerea ramburs\u0103rii dumneavoastr\u0103. <\/p>\n\n<p>Dac\u0103 sunte\u021bi aprobat, atunci rambursarea dumneavoastr\u0103 va fi procesat\u0103 \u0219i un credit va fi aplicat automat cardului dumneavoastr\u0103 de credit sau metodei originale de plat\u0103, \u00eentr-un anumit num\u0103r de zile.<\/p>\n\n<p><b>Ramburs\u0103ri \u00eent\u00e2rziate sau lips\u0103<\/b><\/p>\n\n<p>Dac\u0103 nu a\u021bi primit \u00eenc\u0103 o rambursare, verifica\u021bi din nou contul dumneavoastr\u0103 bancar.<\/p>\n\n<p>Apoi contacta\u021bi compania dumneavoastr\u0103 de card de credit, poate dura ceva timp p\u00e2n\u0103 c\u00e2nd rambursarea dumneavoastr\u0103 este postat\u0103 oficial.<\/p>\n\n<p>\u00cen continuare, contacta\u021bi banca dumneavoastr\u0103. Adesea, exist\u0103 un timp de procesare \u00eenainte ca o rambursare s\u0103 fie postat\u0103. <\/p>\n\n<p>Dac\u0103 a\u021bi f\u0103cut toate acestea \u0219i tot nu a\u021bi primit rambursarea, v\u0103 rug\u0103m s\u0103 ne contacta\u021bi la {email address}.<\/p>\n\n<p><b>Articole la reducere<\/b><\/p>\n\n<p>Numai articolele cu pre\u021b normal pot fi rambursate. Articolele la reducere nu pot fi rambursate. <\/p>\n\n<p><\/p><h2>Schimburi<\/h2>\n\n<p>\u00cenlocuim articolele doar dac\u0103 sunt defecte sau deteriorate. Dac\u0103 trebuie s\u0103 \u00eel schimba\u021bi cu acela\u0219i articol, trimite\u021bi-ne un e-mail la office@automation-electric.com \u0219i trimite\u021bi articolul dumneavoastr\u0103 la: {physical address}. <\/p>\n\n<p><\/p><h2>Cadouri<\/h2>\n\n<p>Dac\u0103 articolul a fost marcat ca un cadou la cump\u0103rare \u0219i expediat direct c\u0103tre dumneavoastr\u0103, ve\u021bi primi un credit cadou pentru valoarea return\u0103rii dumneavoastr\u0103. Odat\u0103 ce articolul returnat este primit, un certificat cadou v\u0103 va fi trimis prin po\u0219t\u0103. <\/p>\n\n<p>Dac\u0103 articolul nu a fost marcat ca un cadou la cump\u0103rare sau persoana care a oferit cadoul a avut comanda expediat\u0103 c\u0103tre ea \u00eens\u0103\u0219i pentru a v-o oferi mai t\u00e2rziu, vom trimite o rambursare persoanei care a oferit cadoul \u0219i aceasta va afla despre returnarea dumneavoastr\u0103.<\/p>\n\n<p><\/p><h2>Return\u0103ri de transport<\/h2>\n\n<p>Pentru a returna produsul dumneavoastr\u0103, ar trebui s\u0103 trimite\u021bi produsul dumneavoastr\u0103 prin po\u0219t\u0103 la: <strong>SC Automation-Electric SRL.<br\/>Gherta Mica, Str. Hermanesti, Nr. 6, Satu Mare, 447140, Romania<\/strong>.<\/p>\n\n<p>Ve\u021bi fi responsabil pentru plata propriilor costuri de transport pentru returnarea articolului dumneavoastr\u0103. Costurile de transport nu sunt rambursabile. Dac\u0103 primi\u021bi o rambursare, costul transportului de returnare va fi dedus din rambursarea dumneavoastr\u0103.  <\/p>\n\n<p>\u00cen func\u021bie de locul \u00een care locui\u021bi, timpul necesar pentru ca produsul dumneavoastr\u0103 schimbat s\u0103 ajung\u0103 la dumneavoastr\u0103 poate varia.<\/p>\n\n<p>Dac\u0103 returna\u021bi articole mai scumpe, pute\u021bi lua \u00een considerare utilizarea unui serviciu de transport urm\u0103ribil sau achizi\u021bionarea unei asigur\u0103ri de transport. Nu garant\u0103m c\u0103 vom primi articolul dumneavoastr\u0103 returnat. <\/p>\n\n<p><\/p><h2>Ave\u021bi nevoie de ajutor?<\/h2>\n\n<p>Contacta\u021bi-ne la office@automation-electric.com pentru \u00eentreb\u0103ri legate de ramburs\u0103ri \u0219i return\u0103ri.<\/p>\n\n<p><\/p>\n","protected":false},"excerpt":{"rendered":"<p>Overview Politica noastr\u0103 de rambursare \u0219i returnare dureaz\u0103 14 zile. Dac\u0103 au trecut 14 zile de la achizi\u021bie, nu v\u0103 putem oferi o rambursare complet\u0103 sau un schimb. Pentru a<\/p>\n","protected":false},"author":1,"featured_media":0,"parent":0,"menu_order":0,"comment_status":"closed","ping_status":"closed","template":"","meta":{"_acf_changed":false,"footnotes":""},"class_list":["post-9042","page","type-page","status-publish","hentry"],"acf":[],"yoast_head":"<!-- This site is optimized with the Yoast SEO plugin v27.3 - https:\/\/yoast.com\/product\/yoast-seo-wordpress\/ -->\n<title>Politica de rambursare \u0219i returnare | Automation-Electric<\/title>\n<meta name=\"robots\" content=\"index, follow, max-snippet:-1, max-image-preview:large, max-video-preview:-1\" \/>\n<link rel=\"canonical\" href=\"https:\/\/automation-electric.com\/ro\/politica-de-rambursare-si-returnare\/\" \/>\n<meta property=\"og:locale\" content=\"ro_RO\" \/>\n<meta property=\"og:type\" content=\"article\" \/>\n<meta property=\"og:title\" content=\"Politica de rambursare \u0219i returnare | Automation-Electric\" \/>\n<meta property=\"og:description\" content=\"Overview Politica noastr\u0103 de rambursare \u0219i returnare dureaz\u0103 14 zile. Dac\u0103 au trecut 14 zile de la achizi\u021bie, nu v\u0103 putem oferi o rambursare complet\u0103 sau un schimb. Pentru a\" \/>\n<meta property=\"og:url\" content=\"https:\/\/automation-electric.com\/ro\/politica-de-rambursare-si-returnare\/\" \/>\n<meta property=\"og:site_name\" content=\"Automation-Electric\" \/>\n<meta property=\"article:modified_time\" content=\"2026-01-17T20:20:17+00:00\" \/>\n<meta name=\"twitter:card\" content=\"summary_large_image\" \/>\n<meta name=\"twitter:label1\" content=\"Timp estimat pentru citire\" \/>\n\t<meta name=\"twitter:data1\" content=\"3 minute\" \/>\n<script type=\"application\/ld+json\" class=\"yoast-schema-graph\">{\"@context\":\"https:\\\/\\\/schema.org\",\"@graph\":[{\"@type\":\"WebPage\",\"@id\":\"https:\\\/\\\/automation-electric.com\\\/ro\\\/politica-de-rambursare-si-returnare\\\/\",\"url\":\"https:\\\/\\\/automation-electric.com\\\/ro\\\/politica-de-rambursare-si-returnare\\\/\",\"name\":\"Politica de rambursare \u0219i returnare | Automation-Electric\",\"isPartOf\":{\"@id\":\"https:\\\/\\\/automation-electric.com\\\/ro\\\/#website\"},\"datePublished\":\"2026-01-16T10:15:08+00:00\",\"dateModified\":\"2026-01-17T20:20:17+00:00\",\"breadcrumb\":{\"@id\":\"https:\\\/\\\/automation-electric.com\\\/ro\\\/politica-de-rambursare-si-returnare\\\/#breadcrumb\"},\"inLanguage\":\"ro-RO\",\"potentialAction\":[{\"@type\":\"ReadAction\",\"target\":[\"https:\\\/\\\/automation-electric.com\\\/ro\\\/politica-de-rambursare-si-returnare\\\/\"]}]},{\"@type\":\"BreadcrumbList\",\"@id\":\"https:\\\/\\\/automation-electric.com\\\/ro\\\/politica-de-rambursare-si-returnare\\\/#breadcrumb\",\"itemListElement\":[{\"@type\":\"ListItem\",\"position\":1,\"name\":\"Acas\u0103\",\"item\":\"https:\\\/\\\/automation-electric.com\\\/ro\\\/\"},{\"@type\":\"ListItem\",\"position\":2,\"name\":\"Politica de rambursare \u0219i returnare\"}]},{\"@type\":\"WebSite\",\"@id\":\"https:\\\/\\\/automation-electric.com\\\/ro\\\/#website\",\"url\":\"https:\\\/\\\/automation-electric.com\\\/ro\\\/\",\"name\":\"Automation-Electric\",\"description\":\"\",\"potentialAction\":[{\"@type\":\"SearchAction\",\"target\":{\"@type\":\"EntryPoint\",\"urlTemplate\":\"https:\\\/\\\/automation-electric.com\\\/ro\\\/?s={search_term_string}\"},\"query-input\":{\"@type\":\"PropertyValueSpecification\",\"valueRequired\":true,\"valueName\":\"search_term_string\"}}],\"inLanguage\":\"ro-RO\"}]}<\/script>\n<!-- \/ Yoast SEO plugin. -->","yoast_head_json":{"title":"Politica de rambursare \u0219i returnare | Automation-Electric","robots":{"index":"index","follow":"follow","max-snippet":"max-snippet:-1","max-image-preview":"max-image-preview:large","max-video-preview":"max-video-preview:-1"},"canonical":"https:\/\/automation-electric.com\/ro\/politica-de-rambursare-si-returnare\/","og_locale":"ro_RO","og_type":"article","og_title":"Politica de rambursare \u0219i returnare | Automation-Electric","og_description":"Overview Politica noastr\u0103 de rambursare \u0219i returnare dureaz\u0103 14 zile. Dac\u0103 au trecut 14 zile de la achizi\u021bie, nu v\u0103 putem oferi o rambursare complet\u0103 sau un schimb. Pentru a","og_url":"https:\/\/automation-electric.com\/ro\/politica-de-rambursare-si-returnare\/","og_site_name":"Automation-Electric","article_modified_time":"2026-01-17T20:20:17+00:00","twitter_card":"summary_large_image","twitter_misc":{"Timp estimat pentru citire":"3 minute"},"schema":{"@context":"https:\/\/schema.org","@graph":[{"@type":"WebPage","@id":"https:\/\/automation-electric.com\/ro\/politica-de-rambursare-si-returnare\/","url":"https:\/\/automation-electric.com\/ro\/politica-de-rambursare-si-returnare\/","name":"Politica de rambursare \u0219i returnare | Automation-Electric","isPartOf":{"@id":"https:\/\/automation-electric.com\/ro\/#website"},"datePublished":"2026-01-16T10:15:08+00:00","dateModified":"2026-01-17T20:20:17+00:00","breadcrumb":{"@id":"https:\/\/automation-electric.com\/ro\/politica-de-rambursare-si-returnare\/#breadcrumb"},"inLanguage":"ro-RO","potentialAction":[{"@type":"ReadAction","target":["https:\/\/automation-electric.com\/ro\/politica-de-rambursare-si-returnare\/"]}]},{"@type":"BreadcrumbList","@id":"https:\/\/automation-electric.com\/ro\/politica-de-rambursare-si-returnare\/#breadcrumb","itemListElement":[{"@type":"ListItem","position":1,"name":"Acas\u0103","item":"https:\/\/automation-electric.com\/ro\/"},{"@type":"ListItem","position":2,"name":"Politica de rambursare \u0219i returnare"}]},{"@type":"WebSite","@id":"https:\/\/automation-electric.com\/ro\/#website","url":"https:\/\/automation-electric.com\/ro\/","name":"Automation-Electric","description":"","potentialAction":[{"@type":"SearchAction","target":{"@type":"EntryPoint","urlTemplate":"https:\/\/automation-electric.com\/ro\/?s={search_term_string}"},"query-input":{"@type":"PropertyValueSpecification","valueRequired":true,"valueName":"search_term_string"}}],"inLanguage":"ro-RO"}]}},"_links":{"self":[{"href":"https:\/\/automation-electric.com\/ro\/wp-json\/wp\/v2\/pages\/9042","targetHints":{"allow":["GET"]}}],"collection":[{"href":"https:\/\/automation-electric.com\/ro\/wp-json\/wp\/v2\/pages"}],"about":[{"href":"https:\/\/automation-electric.com\/ro\/wp-json\/wp\/v2\/types\/page"}],"author":[{"embeddable":true,"href":"https:\/\/automation-electric.com\/ro\/wp-json\/wp\/v2\/users\/1"}],"replies":[{"embeddable":true,"href":"https:\/\/automation-electric.com\/ro\/wp-json\/wp\/v2\/comments?post=9042"}],"version-history":[{"count":2,"href":"https:\/\/automation-electric.com\/ro\/wp-json\/wp\/v2\/pages\/9042\/revisions"}],"predecessor-version":[{"id":9046,"href":"https:\/\/automation-electric.com\/ro\/wp-json\/wp\/v2\/pages\/9042\/revisions\/9046"}],"wp:attachment":[{"href":"https:\/\/automation-electric.com\/ro\/wp-json\/wp\/v2\/media?parent=9042"}],"curies":[{"name":"wp","href":"https:\/\/api.w.org\/{rel}","templated":true}]}}