{"id":9017,"date":"2014-05-29T09:09:36","date_gmt":"2014-05-29T09:09:36","guid":{"rendered":"https:\/\/automation-electric.com\/livrare\/"},"modified":"2026-01-17T20:19:56","modified_gmt":"2026-01-17T20:19:56","slug":"livrare","status":"publish","type":"page","link":"https:\/\/automation-electric.com\/ro\/livrare\/","title":{"rendered":"Livrare"},"content":{"rendered":"<div>\n<h2>Expedieri \u0219i retururi<\/h2>\n<p><span style=\"color: #000000;\">\u00cen general, coletele sunt expediate \u00een termen de 3 zile lucr\u0103toare de la primirea pl\u0103\u021bii \u0219i sunt expediate prin serviciul EMS cu urm\u0103rire \u0219i predare cu\/f\u0103r\u0103 semn\u0103tur\u0103, \u00een func\u021bie de \u021bara dumneavoastr\u0103 de origine. Odat\u0103 ce coletul a fost expediat, acesta va fi livrat \u00een termen de 5 zile lucr\u0103toare \u00een orice \u021bar\u0103 din Uniunea European\u0103. Produsele pot fi returnate \u00een termen de 14 zile. \u00cen general, livr\u0103m \u00een orice \u021bar\u0103 din Europa \u0219i, \u00een anumite condi\u021bii, chiar \u0219i \u00een afara Europei.    <\/span><\/p>\n<p>&nbsp;<\/p>\n<\/div>\n<div><\/div>\n","protected":false},"excerpt":{"rendered":"<p>Expedieri \u0219i retururi \u00cen general, coletele sunt expediate \u00een termen de 3 zile lucr\u0103toare de la primirea pl\u0103\u021bii \u0219i sunt expediate prin serviciul EMS cu urm\u0103rire \u0219i predare cu\/f\u0103r\u0103 semn\u0103tur\u0103,<\/p>\n","protected":false},"author":1,"featured_media":0,"parent":0,"menu_order":0,"comment_status":"open","ping_status":"closed","template":"","meta":{"_acf_changed":false,"footnotes":""},"class_list":["post-9017","page","type-page","status-publish","hentry"],"acf":[],"yoast_head":"<!-- This site is optimized with the Yoast SEO plugin v27.4 - https:\/\/yoast.com\/product\/yoast-seo-wordpress\/ -->\n<title>Livrare | Automation-Electric<\/title>\n<meta name=\"robots\" content=\"index, follow, max-snippet:-1, max-image-preview:large, max-video-preview:-1\" \/>\n<link rel=\"canonical\" href=\"https:\/\/automation-electric.com\/ro\/livrare\/\" \/>\n<meta property=\"og:locale\" content=\"ro_RO\" \/>\n<meta property=\"og:type\" content=\"article\" \/>\n<meta property=\"og:title\" content=\"Livrare | Automation-Electric\" \/>\n<meta property=\"og:description\" content=\"Expedieri \u0219i retururi \u00cen general, coletele sunt expediate \u00een termen de 3 zile lucr\u0103toare de la primirea pl\u0103\u021bii \u0219i sunt expediate prin serviciul EMS cu urm\u0103rire \u0219i predare cu\/f\u0103r\u0103 semn\u0103tur\u0103,\" \/>\n<meta property=\"og:url\" content=\"https:\/\/automation-electric.com\/ro\/livrare\/\" \/>\n<meta property=\"og:site_name\" content=\"Automation-Electric\" \/>\n<meta property=\"article:modified_time\" content=\"2026-01-17T20:19:56+00:00\" \/>\n<meta name=\"twitter:card\" content=\"summary_large_image\" \/>\n<script type=\"application\/ld+json\" class=\"yoast-schema-graph\">{\"@context\":\"https:\\\/\\\/schema.org\",\"@graph\":[{\"@type\":\"WebPage\",\"@id\":\"https:\\\/\\\/automation-electric.com\\\/ro\\\/livrare\\\/\",\"url\":\"https:\\\/\\\/automation-electric.com\\\/ro\\\/livrare\\\/\",\"name\":\"Livrare | Automation-Electric\",\"isPartOf\":{\"@id\":\"https:\\\/\\\/automation-electric.com\\\/ro\\\/#website\"},\"datePublished\":\"2014-05-29T09:09:36+00:00\",\"dateModified\":\"2026-01-17T20:19:56+00:00\",\"breadcrumb\":{\"@id\":\"https:\\\/\\\/automation-electric.com\\\/ro\\\/livrare\\\/#breadcrumb\"},\"inLanguage\":\"ro-RO\",\"potentialAction\":[{\"@type\":\"ReadAction\",\"target\":[\"https:\\\/\\\/automation-electric.com\\\/ro\\\/livrare\\\/\"]}]},{\"@type\":\"BreadcrumbList\",\"@id\":\"https:\\\/\\\/automation-electric.com\\\/ro\\\/livrare\\\/#breadcrumb\",\"itemListElement\":[{\"@type\":\"ListItem\",\"position\":1,\"name\":\"Acas\u0103\",\"item\":\"https:\\\/\\\/automation-electric.com\\\/ro\\\/\"},{\"@type\":\"ListItem\",\"position\":2,\"name\":\"Livrare\"}]},{\"@type\":\"WebSite\",\"@id\":\"https:\\\/\\\/automation-electric.com\\\/ro\\\/#website\",\"url\":\"https:\\\/\\\/automation-electric.com\\\/ro\\\/\",\"name\":\"Automation-Electric\",\"description\":\"\",\"potentialAction\":[{\"@type\":\"SearchAction\",\"target\":{\"@type\":\"EntryPoint\",\"urlTemplate\":\"https:\\\/\\\/automation-electric.com\\\/ro\\\/?s={search_term_string}\"},\"query-input\":{\"@type\":\"PropertyValueSpecification\",\"valueRequired\":true,\"valueName\":\"search_term_string\"}}],\"inLanguage\":\"ro-RO\"}]}<\/script>\n<!-- \/ Yoast SEO plugin. -->","yoast_head_json":{"title":"Livrare | Automation-Electric","robots":{"index":"index","follow":"follow","max-snippet":"max-snippet:-1","max-image-preview":"max-image-preview:large","max-video-preview":"max-video-preview:-1"},"canonical":"https:\/\/automation-electric.com\/ro\/livrare\/","og_locale":"ro_RO","og_type":"article","og_title":"Livrare | Automation-Electric","og_description":"Expedieri \u0219i retururi \u00cen general, coletele sunt expediate \u00een termen de 3 zile lucr\u0103toare de la primirea pl\u0103\u021bii \u0219i sunt expediate prin serviciul EMS cu urm\u0103rire \u0219i predare cu\/f\u0103r\u0103 semn\u0103tur\u0103,","og_url":"https:\/\/automation-electric.com\/ro\/livrare\/","og_site_name":"Automation-Electric","article_modified_time":"2026-01-17T20:19:56+00:00","twitter_card":"summary_large_image","schema":{"@context":"https:\/\/schema.org","@graph":[{"@type":"WebPage","@id":"https:\/\/automation-electric.com\/ro\/livrare\/","url":"https:\/\/automation-electric.com\/ro\/livrare\/","name":"Livrare | Automation-Electric","isPartOf":{"@id":"https:\/\/automation-electric.com\/ro\/#website"},"datePublished":"2014-05-29T09:09:36+00:00","dateModified":"2026-01-17T20:19:56+00:00","breadcrumb":{"@id":"https:\/\/automation-electric.com\/ro\/livrare\/#breadcrumb"},"inLanguage":"ro-RO","potentialAction":[{"@type":"ReadAction","target":["https:\/\/automation-electric.com\/ro\/livrare\/"]}]},{"@type":"BreadcrumbList","@id":"https:\/\/automation-electric.com\/ro\/livrare\/#breadcrumb","itemListElement":[{"@type":"ListItem","position":1,"name":"Acas\u0103","item":"https:\/\/automation-electric.com\/ro\/"},{"@type":"ListItem","position":2,"name":"Livrare"}]},{"@type":"WebSite","@id":"https:\/\/automation-electric.com\/ro\/#website","url":"https:\/\/automation-electric.com\/ro\/","name":"Automation-Electric","description":"","potentialAction":[{"@type":"SearchAction","target":{"@type":"EntryPoint","urlTemplate":"https:\/\/automation-electric.com\/ro\/?s={search_term_string}"},"query-input":{"@type":"PropertyValueSpecification","valueRequired":true,"valueName":"search_term_string"}}],"inLanguage":"ro-RO"}]}},"_links":{"self":[{"href":"https:\/\/automation-electric.com\/ro\/wp-json\/wp\/v2\/pages\/9017","targetHints":{"allow":["GET"]}}],"collection":[{"href":"https:\/\/automation-electric.com\/ro\/wp-json\/wp\/v2\/pages"}],"about":[{"href":"https:\/\/automation-electric.com\/ro\/wp-json\/wp\/v2\/types\/page"}],"author":[{"embeddable":true,"href":"https:\/\/automation-electric.com\/ro\/wp-json\/wp\/v2\/users\/1"}],"replies":[{"embeddable":true,"href":"https:\/\/automation-electric.com\/ro\/wp-json\/wp\/v2\/comments?post=9017"}],"version-history":[{"count":1,"href":"https:\/\/automation-electric.com\/ro\/wp-json\/wp\/v2\/pages\/9017\/revisions"}],"predecessor-version":[{"id":9018,"href":"https:\/\/automation-electric.com\/ro\/wp-json\/wp\/v2\/pages\/9017\/revisions\/9018"}],"wp:attachment":[{"href":"https:\/\/automation-electric.com\/ro\/wp-json\/wp\/v2\/media?parent=9017"}],"curies":[{"name":"wp","href":"https:\/\/api.w.org\/{rel}","templated":true}]}}