{"id":9009,"date":"2016-03-09T05:41:44","date_gmt":"2016-03-09T05:41:44","guid":{"rendered":"https:\/\/automation-electric.com\/despre-noi\/"},"modified":"2026-01-17T20:19:59","modified_gmt":"2026-01-17T20:19:59","slug":"despre-noi","status":"publish","type":"page","link":"https:\/\/automation-electric.com\/ro\/despre-noi\/","title":{"rendered":"Despre noi"},"content":{"rendered":"<div class=\"wpb-content-wrapper\"><p>[vc_row el_class=&#8221;about-features inner-top-md inner-bottom-sm&#8221;][vc_column width=&#8221;1\/3&#8243; css=&#8221;.vc_custom_1457518945335{margin-bottom: 0px !important;}&#8221;][vc_single_image image=&#8221;8294&#8243; img_size=&#8221;full&#8221; css=&#8221;&#8221;][vc_column_text css=&#8221;.vc_custom_1768507346210{margin-bottom: 30px !important;}&#8221;]<\/p>\n<h2 class=\"align-top\" style=\"text-align: left;\">Istoricul \u00eenceputului<\/h2>\n<p style=\"text-align: left;\"><span style=\"color: #000000;\">AUTOMATION ELECTRIC este o companie fondat\u0103 \u00een 2016 \u0219i \u00ee\u0219i propune s\u0103 ofere solu\u021bii inovatoare, eficiente \u0219i fiabile \u00een domeniile automatiz\u0103rilor industriale, electricit\u0103\u021bii \u0219i electronicii, utiliz\u00e2nd \u00eentotdeauna tehnologii de ultim\u0103 or\u0103 disponibile pe pia\u021b\u0103. Credem c\u0103 putem face fa\u021b\u0103 oric\u0103ror cerin\u021be care implic\u0103 tehnologie, astfel \u00eenc\u00e2t, ca structur\u0103, compania \u00ee\u0219i propune s\u0103 acopere at\u00e2t domeniul automatiz\u0103rilor \u0219i cel electric, fiind axat\u0103 pe proiectarea de automatiz\u0103ri \u0219i tablouri de comand\u0103, c\u00e2t \u0219i domeniul electronicii, care se ocup\u0103 cu proiectarea de circuite electronice bazate pe microcontrolere \u0219i software \u00eencorporat.<\/span><\/p>\n<p>[\/vc_column_text][\/vc_column][vc_column width=&#8221;1\/3&#8243; css=&#8221;.vc_custom_1457518924264{margin-bottom: 0px !important;}&#8221;][vc_single_image image=&#8221;9024&#8243; img_size=&#8221;full&#8221; css=&#8221;&#8221;][vc_column_text css=&#8221;.vc_custom_1768507361845{margin-bottom: 30px !important;}&#8221;]<\/p>\n<h2 class=\"align-top\" style=\"text-align: left;\">Ce facem cu adev\u0103rat?<\/h2>\n<p style=\"text-align: left;\"><span style=\"color: #000000;\">Pe l\u00e2ng\u0103 gama de produse existent\u0103, compania noastr\u0103 ofer\u0103 diverse servicii de consultan\u021b\u0103 \u0219i proiectare \u00een electronic\u0103, electricitate \u0219i automatizare.<\/span> <span style=\"color: #000000;\">Activitatea noastr\u0103 este puternic influen\u021bat\u0103 de cerin\u021bele clien\u021bilor, astfel \u00eenc\u00e2t, scopul principal este de a \u00eembun\u0103t\u0103\u021bi continuu managementul proiectelor, bazat pe experien\u021ba noastr\u0103 \u0219i ca rezultat al feedback-ului primit de la clien\u021bi. Urm\u0103m \u00eentotdeauna patru pa\u0219i simpli:<\/span><\/p>\n<ul>\n<li style=\"text-align: left;\"><span style=\"color: #000000;\">Analiza cerin\u021belor proiectului<\/span><\/li>\n<li style=\"text-align: left;\"><span style=\"color: #000000;\">Analiza costurilor proiectului<\/span><\/li>\n<li style=\"text-align: left;\"><span style=\"color: #000000;\">Optimizarea proiectului<\/span><\/li>\n<li style=\"text-align: left;\"><span style=\"color: #000000;\">Implementarea proiectului<\/span><\/li>\n<\/ul>\n<p>[\/vc_column_text][\/vc_column][vc_column width=&#8221;1\/3&#8243; css=&#8221;.vc_custom_1457518934943{margin-bottom: 0px !important;}&#8221;][vc_single_image image=&#8221;3580&#8243; img_size=&#8221;full&#8221; css=&#8221;&#8221;][vc_column_text css=&#8221;.vc_custom_1768507377408{margin-bottom: 30px !important;}&#8221;]<\/p>\n<h2 class=\"align-top\" style=\"text-align: left;\">Viziunea noastr\u0103<\/h2>\n<p style=\"text-align: left;\"><span style=\"color: #000000;\">Am \u00eenceput cu speran\u021be \u0219i vise, sper\u0103m c\u0103 pentru o perioad\u0103 lung\u0103 de timp. Am proiectat o mul\u021bime de produse pentru o gam\u0103 larg\u0103 de motoare industriale, panouri de control cu diferite caracteristici, capabile s\u0103 m\u0103soare parametri electrici, panouri de control pentru pompe, panouri de control pentru temperatur\u0103 \u0219i umiditate etc.<\/span> <span style=\"color: #000000;\">Dac\u0103 totul merge conform planului, inten\u021bion\u0103m s\u0103 ne extindem gama de produse cu o mul\u021bime de alte modele \u0219i s\u0103 sprijinim chiar \u0219i alte domenii industriale.<\/span><\/p>\n<p>[\/vc_column_text][\/vc_column][\/vc_row][vc_row el_class=&#8221;inner-sm&#8221;][vc_column width=&#8221;7\/12&#8243; el_class=&#8221;text-boxes&#8221;][vc_row_inner][vc_column_inner width=&#8221;1\/2&#8243;][vc_column_text css=&#8221;&#8221;]<\/p>\n<h3 class=\"highlight\">Coopera\u021bi cu noi!<\/h3>\n<p>Dac\u0103 crede\u021bi c\u0103 putem coopera, contacta\u021bi-ne![\/vc_column_text][\/vc_column_inner][\/vc_row_inner][\/vc_column][vc_column width=&#8221;5\/12&#8243; el_class=&#8221;wpb-accordion&#8221;][vc_tta_accordion shape=&#8221;square&#8221; color=&#8221;white&#8221; active_section=&#8221;1&#8243; title=&#8221;Ce putem face pentru dumneavoastr\u0103?&#8221; el_class=&#8221;wpb_accordion_heading&#8221;][vc_tta_section title=&#8221;Asisten\u021b\u0103 24\/7&#8243; tab_id=&#8221;1457421867768-730a628b-1468&#8243;][vc_column_text css=&#8221;&#8221;][\/vc_column_text][\/vc_tta_section][vc_tta_section title=&#8221;Cea mai bun\u0103 calitate&#8221; tab_id=&#8221;1457421867891-00618bbe-81b3&#8243;][vc_column_text css=&#8221;&#8221;][\/vc_column_text][\/vc_tta_section][vc_tta_section title=&#8221;Cea mai rapid\u0103 livrare&#8221; tab_id=&#8221;1457422007417-d8a52c69-9fbe&#8221;][vc_column_text css=&#8221;&#8221;][\/vc_column_text][\/vc_tta_section][vc_tta_section title=&#8221;Asisten\u021b\u0103 clien\u021bi&#8221; tab_id=&#8221;1457422038772-dd7f7be8-c730&#8243;][vc_column_text css=&#8221;&#8221;][\/vc_column_text][\/vc_tta_section][vc_tta_section title=&#8221;Peste 200 de clien\u021bi mul\u021bumi\u021bi&#8221; tab_id=&#8221;1457422064469-3863fd46-37f1&#8243;][vc_column_text css=&#8221;&#8221;][\/vc_column_text][\/vc_tta_section][\/vc_tta_accordion][\/vc_column][\/vc_row][vc_row][vc_column][vc_raw_html]PHN0eWxlIHR5cGU9InRleHQvY3NzIj4ucGFnZSAuZW50cnktaGVhZGVyLmhlYWRlci13aXRoLWNvdmVyLWltYWdlIHsgYmFja2dyb3VuZC1wb3NpdGlvbjogY2VudGVyIC0xNTdweDsgfTwvc3R5bGU+[\/vc_raw_html][\/vc_column][\/vc_row]<\/p>\n<\/div>","protected":false},"excerpt":{"rendered":"<p>[vc_row el_class=&#8221;about-features inner-top-md inner-bottom-sm&#8221;][vc_column width=&#8221;1\/3&#8243; css=&#8221;.vc_custom_1457518945335{margin-bottom: 0px !important;}&#8221;][vc_single_image image=&#8221;8294&#8243; img_size=&#8221;full&#8221; css=&#8221;&#8221;][vc_column_text css=&#8221;.vc_custom_1768507346210{margin-bottom: 30px !important;}&#8221;] Istoricul \u00eenceputului AUTOMATION ELECTRIC este o companie fondat\u0103 \u00een 2016 \u0219i \u00ee\u0219i propune s\u0103 ofere solu\u021bii<\/p>\n","protected":false},"author":1,"featured_media":0,"parent":0,"menu_order":0,"comment_status":"closed","ping_status":"closed","template":"","meta":{"_acf_changed":false,"footnotes":""},"class_list":["post-9009","page","type-page","status-publish","hentry"],"acf":[],"yoast_head":"<!-- This site is optimized with the Yoast SEO plugin v27.3 - https:\/\/yoast.com\/product\/yoast-seo-wordpress\/ -->\n<title>Despre noi | Automation-Electric<\/title>\n<meta name=\"robots\" content=\"index, follow, max-snippet:-1, max-image-preview:large, max-video-preview:-1\" \/>\n<link rel=\"canonical\" href=\"https:\/\/automation-electric.com\/ro\/despre-noi\/\" \/>\n<meta property=\"og:locale\" content=\"ro_RO\" \/>\n<meta property=\"og:type\" content=\"article\" \/>\n<meta property=\"og:title\" content=\"Despre noi | Automation-Electric\" \/>\n<meta property=\"og:description\" content=\"[vc_row el_class=&#8221;about-features inner-top-md inner-bottom-sm&#8221;][vc_column width=&#8221;1\/3&#8243; css=&#8221;.vc_custom_1457518945335{margin-bottom: 0px !important;}&#8221;][vc_single_image image=&#8221;8294&#8243; img_size=&#8221;full&#8221; css=&#8221;&#8221;][vc_column_text css=&#8221;.vc_custom_1768507346210{margin-bottom: 30px !important;}&#8221;] Istoricul \u00eenceputului AUTOMATION ELECTRIC este o companie fondat\u0103 \u00een 2016 \u0219i \u00ee\u0219i propune s\u0103 ofere solu\u021bii\" \/>\n<meta property=\"og:url\" content=\"https:\/\/automation-electric.com\/ro\/despre-noi\/\" \/>\n<meta property=\"og:site_name\" content=\"Automation-Electric\" \/>\n<meta property=\"article:modified_time\" content=\"2026-01-17T20:19:59+00:00\" \/>\n<meta name=\"twitter:card\" content=\"summary_large_image\" \/>\n<meta name=\"twitter:label1\" content=\"Timp estimat pentru citire\" \/>\n\t<meta name=\"twitter:data1\" content=\"3 minute\" \/>\n<script type=\"application\/ld+json\" class=\"yoast-schema-graph\">{\"@context\":\"https:\\\/\\\/schema.org\",\"@graph\":[{\"@type\":\"WebPage\",\"@id\":\"https:\\\/\\\/automation-electric.com\\\/ro\\\/despre-noi\\\/\",\"url\":\"https:\\\/\\\/automation-electric.com\\\/ro\\\/despre-noi\\\/\",\"name\":\"Despre noi | Automation-Electric\",\"isPartOf\":{\"@id\":\"https:\\\/\\\/automation-electric.com\\\/ro\\\/#website\"},\"datePublished\":\"2016-03-09T05:41:44+00:00\",\"dateModified\":\"2026-01-17T20:19:59+00:00\",\"breadcrumb\":{\"@id\":\"https:\\\/\\\/automation-electric.com\\\/ro\\\/despre-noi\\\/#breadcrumb\"},\"inLanguage\":\"ro-RO\",\"potentialAction\":[{\"@type\":\"ReadAction\",\"target\":[\"https:\\\/\\\/automation-electric.com\\\/ro\\\/despre-noi\\\/\"]}]},{\"@type\":\"BreadcrumbList\",\"@id\":\"https:\\\/\\\/automation-electric.com\\\/ro\\\/despre-noi\\\/#breadcrumb\",\"itemListElement\":[{\"@type\":\"ListItem\",\"position\":1,\"name\":\"Acas\u0103\",\"item\":\"https:\\\/\\\/automation-electric.com\\\/ro\\\/\"},{\"@type\":\"ListItem\",\"position\":2,\"name\":\"Despre noi\"}]},{\"@type\":\"WebSite\",\"@id\":\"https:\\\/\\\/automation-electric.com\\\/ro\\\/#website\",\"url\":\"https:\\\/\\\/automation-electric.com\\\/ro\\\/\",\"name\":\"Automation-Electric\",\"description\":\"\",\"potentialAction\":[{\"@type\":\"SearchAction\",\"target\":{\"@type\":\"EntryPoint\",\"urlTemplate\":\"https:\\\/\\\/automation-electric.com\\\/ro\\\/?s={search_term_string}\"},\"query-input\":{\"@type\":\"PropertyValueSpecification\",\"valueRequired\":true,\"valueName\":\"search_term_string\"}}],\"inLanguage\":\"ro-RO\"}]}<\/script>\n<!-- \/ Yoast SEO plugin. -->","yoast_head_json":{"title":"Despre noi | Automation-Electric","robots":{"index":"index","follow":"follow","max-snippet":"max-snippet:-1","max-image-preview":"max-image-preview:large","max-video-preview":"max-video-preview:-1"},"canonical":"https:\/\/automation-electric.com\/ro\/despre-noi\/","og_locale":"ro_RO","og_type":"article","og_title":"Despre noi | Automation-Electric","og_description":"[vc_row el_class=&#8221;about-features inner-top-md inner-bottom-sm&#8221;][vc_column width=&#8221;1\/3&#8243; css=&#8221;.vc_custom_1457518945335{margin-bottom: 0px !important;}&#8221;][vc_single_image image=&#8221;8294&#8243; img_size=&#8221;full&#8221; css=&#8221;&#8221;][vc_column_text css=&#8221;.vc_custom_1768507346210{margin-bottom: 30px !important;}&#8221;] Istoricul \u00eenceputului AUTOMATION ELECTRIC este o companie fondat\u0103 \u00een 2016 \u0219i \u00ee\u0219i propune s\u0103 ofere solu\u021bii","og_url":"https:\/\/automation-electric.com\/ro\/despre-noi\/","og_site_name":"Automation-Electric","article_modified_time":"2026-01-17T20:19:59+00:00","twitter_card":"summary_large_image","twitter_misc":{"Timp estimat pentru citire":"3 minute"},"schema":{"@context":"https:\/\/schema.org","@graph":[{"@type":"WebPage","@id":"https:\/\/automation-electric.com\/ro\/despre-noi\/","url":"https:\/\/automation-electric.com\/ro\/despre-noi\/","name":"Despre noi | Automation-Electric","isPartOf":{"@id":"https:\/\/automation-electric.com\/ro\/#website"},"datePublished":"2016-03-09T05:41:44+00:00","dateModified":"2026-01-17T20:19:59+00:00","breadcrumb":{"@id":"https:\/\/automation-electric.com\/ro\/despre-noi\/#breadcrumb"},"inLanguage":"ro-RO","potentialAction":[{"@type":"ReadAction","target":["https:\/\/automation-electric.com\/ro\/despre-noi\/"]}]},{"@type":"BreadcrumbList","@id":"https:\/\/automation-electric.com\/ro\/despre-noi\/#breadcrumb","itemListElement":[{"@type":"ListItem","position":1,"name":"Acas\u0103","item":"https:\/\/automation-electric.com\/ro\/"},{"@type":"ListItem","position":2,"name":"Despre noi"}]},{"@type":"WebSite","@id":"https:\/\/automation-electric.com\/ro\/#website","url":"https:\/\/automation-electric.com\/ro\/","name":"Automation-Electric","description":"","potentialAction":[{"@type":"SearchAction","target":{"@type":"EntryPoint","urlTemplate":"https:\/\/automation-electric.com\/ro\/?s={search_term_string}"},"query-input":{"@type":"PropertyValueSpecification","valueRequired":true,"valueName":"search_term_string"}}],"inLanguage":"ro-RO"}]}},"_links":{"self":[{"href":"https:\/\/automation-electric.com\/ro\/wp-json\/wp\/v2\/pages\/9009","targetHints":{"allow":["GET"]}}],"collection":[{"href":"https:\/\/automation-electric.com\/ro\/wp-json\/wp\/v2\/pages"}],"about":[{"href":"https:\/\/automation-electric.com\/ro\/wp-json\/wp\/v2\/types\/page"}],"author":[{"embeddable":true,"href":"https:\/\/automation-electric.com\/ro\/wp-json\/wp\/v2\/users\/1"}],"replies":[{"embeddable":true,"href":"https:\/\/automation-electric.com\/ro\/wp-json\/wp\/v2\/comments?post=9009"}],"version-history":[{"count":6,"href":"https:\/\/automation-electric.com\/ro\/wp-json\/wp\/v2\/pages\/9009\/revisions"}],"predecessor-version":[{"id":9029,"href":"https:\/\/automation-electric.com\/ro\/wp-json\/wp\/v2\/pages\/9009\/revisions\/9029"}],"wp:attachment":[{"href":"https:\/\/automation-electric.com\/ro\/wp-json\/wp\/v2\/media?parent=9009"}],"curies":[{"name":"wp","href":"https:\/\/api.w.org\/{rel}","templated":true}]}}