{"id":9000,"date":"2016-02-28T08:28:22","date_gmt":"2016-02-28T08:28:22","guid":{"rendered":"https:\/\/automation-electric.com\/termeni-si-conditii\/"},"modified":"2026-01-17T20:19:54","modified_gmt":"2026-01-17T20:19:54","slug":"termeni-si-conditii","status":"publish","type":"page","link":"https:\/\/automation-electric.com\/ro\/termeni-si-conditii\/","title":{"rendered":"Termeni \u0219i condi\u021bii"},"content":{"rendered":"<div class=\"wpb-content-wrapper\"><p>[vc_row][vc_column][vc_column_text css=&#8221;&#8221;]<\/p>\n<section class=\"section inner-bottom-xs\">\n<h2>Informa\u021bii generale<\/h2>\n<ol>\n<li>Orice produs beneficiaz\u0103 de o perioad\u0103 de garan\u021bie de 24 de luni, at\u00e2t pentru persoane juridice, c\u00e2t \u0219i pentru persoane fizice.<\/li>\n<li>Instalarea \u0219i punerea \u00een func\u021biune a oric\u0103rui echipament trebuie f\u0103cut\u0103 numai de personal autorizat.<\/li>\n<li>Dac\u0103 instalarea \u0219i punerea \u00een func\u021biune sunt efectuate de personal neautorizat, beneficiarul pierde automat garan\u021bia.<\/li>\n<li>\u00cen cazul unui defect sau al unei func\u021bion\u0103ri anormale, beneficiarul este obligat s\u0103 notifice imediat produc\u0103torul dac\u0103 produsul este \u00een garan\u021bie.<\/li>\n<\/ol>\n<\/section>\n<section class=\"section inner-bottom-xs\">\n<h2>Proprietate intelectual\u0103<\/h2>\n<p>Produsele enumerate pe acest site apar\u021bin exclusiv SC Automation-Electric SRL.<\/p>\n<\/section>\n<section class=\"section inner-bottom-xs\">\n<h2>Modific\u0103ri ale acestui acord<\/h2>\n<p>Ne rezerv\u0103m dreptul, la discre\u021bia noastr\u0103 exclusiv\u0103, de a modifica sau \u00eenlocui ace\u0219ti Termeni \u0219i condi\u021bii prin publicarea termenilor actualiza\u021bi pe Site. Utilizarea \u00een continuare a Site-ului dup\u0103 astfel de modific\u0103ri constituie acceptarea de c\u0103tre dumneavoastr\u0103 a noilor Termeni \u0219i condi\u021bii. <\/p>\n<\/section>\n<section class=\"section intellectual-property\">\n<h2>Contacta\u021bi-ne<\/h2>\n<p>Dac\u0103 ave\u021bi \u00eentreb\u0103ri despre acest Acord, v\u0103 rug\u0103m s\u0103 ne contacta\u021bi complet\u00e2nd acest <a href=\"https:\/\/automation-electric.com\/contact-v1\/\"><strong>formular de contact<\/strong><\/a> sau trimite\u021bi-ne un e-mail la office@automation-electric.com <\/p>\n<\/section>\n<p>[\/vc_column_text][\/vc_column][\/vc_row]<\/p>\n<\/div>","protected":false},"excerpt":{"rendered":"<p>[vc_row][vc_column][vc_column_text css=&#8221;&#8221;] Informa\u021bii generale Orice produs beneficiaz\u0103 de o perioad\u0103 de garan\u021bie de 24 de luni, at\u00e2t pentru persoane juridice, c\u00e2t \u0219i pentru persoane fizice. Instalarea \u0219i punerea \u00een func\u021biune<\/p>\n","protected":false},"author":1,"featured_media":0,"parent":0,"menu_order":0,"comment_status":"closed","ping_status":"closed","template":"","meta":{"_acf_changed":false,"footnotes":""},"class_list":["post-9000","page","type-page","status-publish","hentry"],"acf":[],"yoast_head":"<!-- This site is optimized with the Yoast SEO plugin v27.3 - https:\/\/yoast.com\/product\/yoast-seo-wordpress\/ -->\n<title>Termeni \u0219i condi\u021bii | Automation-Electric<\/title>\n<meta name=\"robots\" content=\"index, follow, max-snippet:-1, max-image-preview:large, max-video-preview:-1\" \/>\n<link rel=\"canonical\" href=\"https:\/\/automation-electric.com\/ro\/termeni-si-conditii\/\" \/>\n<meta property=\"og:locale\" content=\"ro_RO\" \/>\n<meta property=\"og:type\" content=\"article\" \/>\n<meta property=\"og:title\" content=\"Termeni \u0219i condi\u021bii | Automation-Electric\" \/>\n<meta property=\"og:description\" content=\"[vc_row][vc_column][vc_column_text css=&#8221;&#8221;] Informa\u021bii generale Orice produs beneficiaz\u0103 de o perioad\u0103 de garan\u021bie de 24 de luni, at\u00e2t pentru persoane juridice, c\u00e2t \u0219i pentru persoane fizice. Instalarea \u0219i punerea \u00een func\u021biune\" \/>\n<meta property=\"og:url\" content=\"https:\/\/automation-electric.com\/ro\/termeni-si-conditii\/\" \/>\n<meta property=\"og:site_name\" content=\"Automation-Electric\" \/>\n<meta property=\"article:modified_time\" content=\"2026-01-17T20:19:54+00:00\" \/>\n<meta name=\"twitter:card\" content=\"summary_large_image\" \/>\n<meta name=\"twitter:label1\" content=\"Timp estimat pentru citire\" \/>\n\t<meta name=\"twitter:data1\" content=\"1 minut\" \/>\n<script type=\"application\/ld+json\" class=\"yoast-schema-graph\">{\"@context\":\"https:\\\/\\\/schema.org\",\"@graph\":[{\"@type\":\"WebPage\",\"@id\":\"https:\\\/\\\/automation-electric.com\\\/ro\\\/termeni-si-conditii\\\/\",\"url\":\"https:\\\/\\\/automation-electric.com\\\/ro\\\/termeni-si-conditii\\\/\",\"name\":\"Termeni \u0219i condi\u021bii | Automation-Electric\",\"isPartOf\":{\"@id\":\"https:\\\/\\\/automation-electric.com\\\/ro\\\/#website\"},\"datePublished\":\"2016-02-28T08:28:22+00:00\",\"dateModified\":\"2026-01-17T20:19:54+00:00\",\"breadcrumb\":{\"@id\":\"https:\\\/\\\/automation-electric.com\\\/ro\\\/termeni-si-conditii\\\/#breadcrumb\"},\"inLanguage\":\"ro-RO\",\"potentialAction\":[{\"@type\":\"ReadAction\",\"target\":[\"https:\\\/\\\/automation-electric.com\\\/ro\\\/termeni-si-conditii\\\/\"]}]},{\"@type\":\"BreadcrumbList\",\"@id\":\"https:\\\/\\\/automation-electric.com\\\/ro\\\/termeni-si-conditii\\\/#breadcrumb\",\"itemListElement\":[{\"@type\":\"ListItem\",\"position\":1,\"name\":\"Acas\u0103\",\"item\":\"https:\\\/\\\/automation-electric.com\\\/ro\\\/\"},{\"@type\":\"ListItem\",\"position\":2,\"name\":\"Termeni \u0219i condi\u021bii\"}]},{\"@type\":\"WebSite\",\"@id\":\"https:\\\/\\\/automation-electric.com\\\/ro\\\/#website\",\"url\":\"https:\\\/\\\/automation-electric.com\\\/ro\\\/\",\"name\":\"Automation-Electric\",\"description\":\"\",\"potentialAction\":[{\"@type\":\"SearchAction\",\"target\":{\"@type\":\"EntryPoint\",\"urlTemplate\":\"https:\\\/\\\/automation-electric.com\\\/ro\\\/?s={search_term_string}\"},\"query-input\":{\"@type\":\"PropertyValueSpecification\",\"valueRequired\":true,\"valueName\":\"search_term_string\"}}],\"inLanguage\":\"ro-RO\"}]}<\/script>\n<!-- \/ Yoast SEO plugin. -->","yoast_head_json":{"title":"Termeni \u0219i condi\u021bii | Automation-Electric","robots":{"index":"index","follow":"follow","max-snippet":"max-snippet:-1","max-image-preview":"max-image-preview:large","max-video-preview":"max-video-preview:-1"},"canonical":"https:\/\/automation-electric.com\/ro\/termeni-si-conditii\/","og_locale":"ro_RO","og_type":"article","og_title":"Termeni \u0219i condi\u021bii | Automation-Electric","og_description":"[vc_row][vc_column][vc_column_text css=&#8221;&#8221;] Informa\u021bii generale Orice produs beneficiaz\u0103 de o perioad\u0103 de garan\u021bie de 24 de luni, at\u00e2t pentru persoane juridice, c\u00e2t \u0219i pentru persoane fizice. Instalarea \u0219i punerea \u00een func\u021biune","og_url":"https:\/\/automation-electric.com\/ro\/termeni-si-conditii\/","og_site_name":"Automation-Electric","article_modified_time":"2026-01-17T20:19:54+00:00","twitter_card":"summary_large_image","twitter_misc":{"Timp estimat pentru citire":"1 minut"},"schema":{"@context":"https:\/\/schema.org","@graph":[{"@type":"WebPage","@id":"https:\/\/automation-electric.com\/ro\/termeni-si-conditii\/","url":"https:\/\/automation-electric.com\/ro\/termeni-si-conditii\/","name":"Termeni \u0219i condi\u021bii | Automation-Electric","isPartOf":{"@id":"https:\/\/automation-electric.com\/ro\/#website"},"datePublished":"2016-02-28T08:28:22+00:00","dateModified":"2026-01-17T20:19:54+00:00","breadcrumb":{"@id":"https:\/\/automation-electric.com\/ro\/termeni-si-conditii\/#breadcrumb"},"inLanguage":"ro-RO","potentialAction":[{"@type":"ReadAction","target":["https:\/\/automation-electric.com\/ro\/termeni-si-conditii\/"]}]},{"@type":"BreadcrumbList","@id":"https:\/\/automation-electric.com\/ro\/termeni-si-conditii\/#breadcrumb","itemListElement":[{"@type":"ListItem","position":1,"name":"Acas\u0103","item":"https:\/\/automation-electric.com\/ro\/"},{"@type":"ListItem","position":2,"name":"Termeni \u0219i condi\u021bii"}]},{"@type":"WebSite","@id":"https:\/\/automation-electric.com\/ro\/#website","url":"https:\/\/automation-electric.com\/ro\/","name":"Automation-Electric","description":"","potentialAction":[{"@type":"SearchAction","target":{"@type":"EntryPoint","urlTemplate":"https:\/\/automation-electric.com\/ro\/?s={search_term_string}"},"query-input":{"@type":"PropertyValueSpecification","valueRequired":true,"valueName":"search_term_string"}}],"inLanguage":"ro-RO"}]}},"_links":{"self":[{"href":"https:\/\/automation-electric.com\/ro\/wp-json\/wp\/v2\/pages\/9000","targetHints":{"allow":["GET"]}}],"collection":[{"href":"https:\/\/automation-electric.com\/ro\/wp-json\/wp\/v2\/pages"}],"about":[{"href":"https:\/\/automation-electric.com\/ro\/wp-json\/wp\/v2\/types\/page"}],"author":[{"embeddable":true,"href":"https:\/\/automation-electric.com\/ro\/wp-json\/wp\/v2\/users\/1"}],"replies":[{"embeddable":true,"href":"https:\/\/automation-electric.com\/ro\/wp-json\/wp\/v2\/comments?post=9000"}],"version-history":[{"count":3,"href":"https:\/\/automation-electric.com\/ro\/wp-json\/wp\/v2\/pages\/9000\/revisions"}],"predecessor-version":[{"id":9005,"href":"https:\/\/automation-electric.com\/ro\/wp-json\/wp\/v2\/pages\/9000\/revisions\/9005"}],"wp:attachment":[{"href":"https:\/\/automation-electric.com\/ro\/wp-json\/wp\/v2\/media?parent=9000"}],"curies":[{"name":"wp","href":"https:\/\/api.w.org\/{rel}","templated":true}]}}